{"id":28678,"date":"2021-05-16T17:35:14","date_gmt":"2021-05-16T17:35:14","guid":{"rendered":"https:\/\/lemco-mobility.com\/privatlivspolitik\/"},"modified":"2025-11-05T11:11:38","modified_gmt":"2025-11-05T11:11:38","slug":"privatlivspolitik","status":"publish","type":"page","link":"https:\/\/lemco-mobility.com\/da\/privatlivspolitik\/","title":{"rendered":"Privatlivspolitik"},"content":{"rendered":"\t\t<div data-elementor-type=\"wp-page\" data-elementor-id=\"28678\" class=\"elementor elementor-28678 elementor-3\" data-elementor-post-type=\"page\">\n\t\t\t\t\t\t<section class=\"elementor-section elementor-top-section elementor-element elementor-element-14dc311 elementor-section-stretched elementor-section-boxed elementor-section-height-default elementor-section-height-default\" data-id=\"14dc311\" data-element_type=\"section\" data-e-type=\"section\" data-settings=\"{&quot;stretch_section&quot;:&quot;section-stretched&quot;,&quot;background_background&quot;:&quot;gradient&quot;,&quot;shape_divider_bottom&quot;:&quot;curve&quot;,&quot;shape_divider_bottom_negative&quot;:&quot;yes&quot;}\">\n\t\t\t\t\t<div class=\"elementor-shape elementor-shape-bottom\" aria-hidden=\"true\" data-negative=\"true\">\n\t\t\t<svg xmlns=\"http:\/\/www.w3.org\/2000\/svg\" viewBox=\"0 0 1000 100\" preserveAspectRatio=\"none\">\n\t<path class=\"elementor-shape-fill\" d=\"M500,97C126.7,96.3,0.8,19.8,0,0v100l1000,0V1C1000,19.4,873.3,97.8,500,97z\"\/>\n<\/svg>\t\t<\/div>\n\t\t\t\t\t<div class=\"elementor-container elementor-column-gap-default\">\n\t\t\t\t\t<div class=\"elementor-column elementor-col-100 elementor-top-column elementor-element elementor-element-48650f0\" data-id=\"48650f0\" data-element_type=\"column\" data-e-type=\"column\" data-settings=\"{&quot;background_background&quot;:&quot;classic&quot;}\">\n\t\t\t<div class=\"elementor-widget-wrap elementor-element-populated\">\n\t\t\t\t\t\t<div class=\"elementor-element elementor-element-b92e78d elementor-widget elementor-widget-heading\" data-id=\"b92e78d\" data-element_type=\"widget\" data-e-type=\"widget\" data-widget_type=\"heading.default\">\n\t\t\t\t<div class=\"elementor-widget-container\">\n\t\t\t\t\t<h1 class=\"elementor-heading-title elementor-size-default\">Privatlivspolitik<\/h1>\t\t\t\t<\/div>\n\t\t\t\t<\/div>\n\t\t\t\t<div class=\"elementor-element elementor-element-fa7076e elementor-widget elementor-widget-heading\" data-id=\"fa7076e\" data-element_type=\"widget\" data-e-type=\"widget\" data-widget_type=\"heading.default\">\n\t\t\t\t<div class=\"elementor-widget-container\">\n\t\t\t\t\t<h3 class=\"elementor-heading-title elementor-size-default\">\n<h2 class=\"wp-block-heading\">Hvem vi er<\/h2>\n\n\n\n<p><strong>Vi er meget mere end en internetbutik. Vi opfinder, designer og fremstiller tr\u00e6ningsudstyr til personer med nedsat mobilitet og leverer vores tr\u00e6ningsudstyr verden over. Direkte fra vores hjemmeside og gennem forskellige forhandlere i flere lande.<\/strong> <br><br>Vores webadresse er: https:\/\/lemco-mobility.com og https:\/\/lemco.dk og i \u00f8jeblikket viser vi ogs\u00e5 vores produkter p\u00e5 lemco.eu <br><br>Alle hjemmesider ejes af os i Danmark, Europa<\/p>\n\n\n\n<h2 class=\"wp-block-heading\">Kommentarer<\/h2>\n\n\n\n<p>N\u00e5r bes\u00f8gende efterlader kommentarer p\u00e5 siden, indsamler vi de data, der vises i kommentarfeltet, samt den bes\u00f8gendes IP-adresse og browserens brugeragentstreng for at hj\u00e6lpe med at opdage spam.<\/p>\n\n\n\n<p>En anonymiseret streng oprettet fra din e-mailadresse (ogs\u00e5 kaldet en hash) kan blive leveret til Gravatar-tjenesten for at se, om du bruger den. Gravatar-tjenestens privatlivspolitik er tilg\u00e6ngelig her: https:\/\/automattic.com\/privacy\/. Efter godkendelse af din kommentar vil dit profilbillede v\u00e6re synligt for offentligheden i forbindelse med din kommentar. <\/p>\n\n\n\n<h2 class=\"wp-block-heading\">Medier<\/h2>\n\n\n\n<p>Hvis du uploader billeder til hjemmesiden, b\u00f8r du undg\u00e5 at uploade billeder med indlejrede lokalitetsdata (EXIF GPS) inkluderet. Bes\u00f8gende p\u00e5 hjemmesiden kan downloade og udtr\u00e6kke alle lokalitetsdata fra billeder p\u00e5 hjemmesiden. <\/p>\n\n\n\n<h2 class=\"wp-block-heading\">Cookies<\/h2>\n\n\n\n<p>Hvis du efterlader en kommentar p\u00e5 vores side, kan du v\u00e6lge at gemme dit navn, din e-mailadresse og din hjemmeside i cookies. Disse er for din bekvemmelighed, s\u00e5 du ikke beh\u00f8ver at udfylde dine oplysninger igen, n\u00e5r du efterlader en anden kommentar. Disse cookies vil vare i et \u00e5r.  <\/p>\n\n\n\n<p>Hvis du bes\u00f8ger vores login-side, vil vi s\u00e6tte en midlertidig cookie for at afg\u00f8re, om din browser accepterer cookies. Denne cookie indeholder ingen personlige data og slettes, n\u00e5r du lukker din browser. <\/p>\n\n\n\n<p>N\u00e5r du logger ind, vil vi ogs\u00e5 ops\u00e6tte flere cookies for at gemme dine loginoplysninger og dine sk\u00e6rmindstillinger. Login-cookies varer i to dage, og sk\u00e6rmindstillings-cookies varer i et \u00e5r. Hvis du v\u00e6lger \"Husk mig\", vil dit login vare i to uger. Hvis du logger ud af din konto, vil login-cookies blive fjernet.   <\/p>\n\n\n\n<p>Hvis du redigerer eller udgiver en artikel, vil en ekstra cookie blive gemt i din browser. Denne cookie indeholder ingen personlige data og angiver blot post-ID'et for den artikel, du lige har redigeret. Den udl\u00f8ber efter 1 dag.  <\/p>\n\n\n\n<h2 class=\"wp-block-heading\">Indlejret indhold fra andre hjemmesider<\/h2>\n\n\n\n<p>Artikler p\u00e5 denne side kan inkludere indlejret indhold (f.eks. videoer, billeder, artikler osv.). Indlejret indhold fra andre hjemmesider opf\u00f8rer sig p\u00e5 n\u00f8jagtig samme m\u00e5de, som hvis den bes\u00f8gende har bes\u00f8gt den anden hjemmeside. <\/p>\n\n\n\n<p>Disse hjemmesider kan indsamle data om dig, bruge cookies, indlejre yderligere tredjepartssporing og overv\u00e5ge din interaktion med det indlejrede indhold, herunder spore din interaktion med det indlejrede indhold, hvis du har en konto og er logget ind p\u00e5 den hjemmeside.<\/p>\n\n\n\n<h2 class=\"wp-block-heading\">Hvem vi deler dine data med<\/h2>\n\n\n\n<p>Hvis du anmoder om en nulstilling af adgangskode, vil din IP-adresse blive inkluderet i nulstillings-e-mailen.<\/p>\n\n\n\n<h2 class=\"wp-block-heading\">Hvor l\u00e6nge vi opbevarer dine data<\/h2>\n\n\n\n<p>Hvis du efterlader en kommentar, opbevares kommentaren og dens metadata p\u00e5 ubestemt tid. Dette er for at vi automatisk kan genkende og godkende eventuelle opf\u00f8lgende kommentarer i stedet for at holde dem i en moderationsk\u00f8. <\/p>\n\n\n\n<p>For brugere, der registrerer sig p\u00e5 vores hjemmeside (hvis nogen), gemmer vi ogs\u00e5 de personlige oplysninger, de giver, i deres brugerprofil. Alle brugere kan se, redigere eller slette deres personlige oplysninger til enhver tid (undtagen de kan ikke \u00e6ndre deres brugernavn). Webstedsadministratorer kan ogs\u00e5 se og redigere disse oplysninger.  <\/p>\n\n\n\n<h2 class=\"wp-block-heading\">Hvilke rettigheder du har over dine data<\/h2>\n\n\n\n<p>Hvis du har en konto p\u00e5 denne side eller har efterladt kommentarer, kan du anmode om at modtage en eksporteret fil med de personlige data, vi har om dig, inklusive alle data, du har givet os. Du kan ogs\u00e5 anmode om, at vi sletter alle personlige data, vi har om dig. Dette inkluderer ikke data, vi er forpligtet til at opbevare af administrative, juridiske eller sikkerhedsm\u00e6ssige \u00e5rsager.  <\/p>\n\n\n\n<h2 class=\"wp-block-heading\">Hvor vi sender dine data<\/h2>\n\n\n\n<p>Bes\u00f8gendes kommentarer kan blive kontrolleret gennem en automatiseret spamdetektionstjeneste.<\/p>\n<\/h3>\t\t\t\t<\/div>\n\t\t\t\t<\/div>\n\t\t\t\t\t<\/div>\n\t\t<\/div>\n\t\t\t\t\t<\/div>\n\t\t<\/section>\n\t\t\t\t<\/div>\n\t\t","protected":false},"excerpt":{"rendered":"<p>Privatlivspolitik Hvem vi er Vi er meget mere end en internetbutik. Vi opfinder, designer og fremstiller tr\u00e6ningsudstyr til personer med<\/p>\n","protected":false},"author":1,"featured_media":0,"parent":0,"menu_order":0,"comment_status":"closed","ping_status":"open","template":"","meta":{"content-type":"","footnotes":""},"class_list":["post-28678","page","type-page","status-publish","hentry"],"yoast_head":"<!-- This site is optimized with the Yoast SEO Premium plugin v27.5 (Yoast SEO v27.5) - https:\/\/yoast.com\/product\/yoast-seo-premium-wordpress\/ -->\n<title>Privatlivspolitik - LEMCO Mobility<\/title>\n<meta name=\"robots\" content=\"noindex, nofollow\" \/>\n<meta property=\"og:locale\" content=\"da_DK\" \/>\n<meta property=\"og:type\" content=\"article\" \/>\n<meta property=\"og:title\" content=\"Privatlivspolitik\" \/>\n<meta property=\"og:description\" content=\"Privatlivspolitik Hvem vi er Vi er meget mere end en internetbutik. Vi opfinder, designer og fremstiller tr\u00e6ningsudstyr til personer med\" \/>\n<meta property=\"og:url\" content=\"https:\/\/lemco-mobility.com\/da\/privatlivspolitik\/\" \/>\n<meta property=\"og:site_name\" content=\"LEMCO Mobility\" \/>\n<meta property=\"article:publisher\" content=\"https:\/\/www.facebook.com\/lemcomobility\" \/>\n<meta property=\"article:modified_time\" content=\"2025-11-05T11:11:38+00:00\" \/>\n<meta property=\"og:image\" content=\"https:\/\/lemco-mobility.com\/wp-content\/uploads\/2023\/03\/exercisers-for-wheelchair.webp\" \/>\n\t<meta property=\"og:image:width\" content=\"2000\" \/>\n\t<meta property=\"og:image:height\" content=\"576\" \/>\n\t<meta property=\"og:image:type\" content=\"image\/webp\" \/>\n<meta name=\"twitter:card\" content=\"summary_large_image\" \/>\n<meta name=\"twitter:label1\" content=\"Estimeret l\u00e6setid\" \/>\n\t<meta name=\"twitter:data1\" content=\"3 minutter\" \/>\n<script type=\"application\/ld+json\" class=\"yoast-schema-graph\">{\"@context\":\"https:\\\/\\\/schema.org\",\"@graph\":[{\"@type\":\"WebPage\",\"@id\":\"https:\\\/\\\/lemco-mobility.com\\\/da\\\/privatlivspolitik\\\/\",\"url\":\"https:\\\/\\\/lemco-mobility.com\\\/da\\\/privatlivspolitik\\\/\",\"name\":\"Privatlivspolitik - LEMCO Mobility\",\"isPartOf\":{\"@id\":\"https:\\\/\\\/lemco-mobility.com\\\/da\\\/#website\"},\"datePublished\":\"2021-05-16T17:35:14+00:00\",\"dateModified\":\"2025-11-05T11:11:38+00:00\",\"breadcrumb\":{\"@id\":\"https:\\\/\\\/lemco-mobility.com\\\/da\\\/privatlivspolitik\\\/#breadcrumb\"},\"inLanguage\":\"da-DK\",\"potentialAction\":[{\"@type\":\"ReadAction\",\"target\":[\"https:\\\/\\\/lemco-mobility.com\\\/da\\\/privatlivspolitik\\\/\"]}]},{\"@type\":\"BreadcrumbList\",\"@id\":\"https:\\\/\\\/lemco-mobility.com\\\/da\\\/privatlivspolitik\\\/#breadcrumb\",\"itemListElement\":[{\"@type\":\"ListItem\",\"position\":1,\"name\":\"Home\",\"item\":\"https:\\\/\\\/lemco-mobility.com\\\/da\\\/traeningscykler-til-koerestol-stol-bedbikes-til-hospitalssenge\\\/\"},{\"@type\":\"ListItem\",\"position\":2,\"name\":\"Privatlivspolitik\"}]},{\"@type\":\"WebSite\",\"@id\":\"https:\\\/\\\/lemco-mobility.com\\\/da\\\/#website\",\"url\":\"https:\\\/\\\/lemco-mobility.com\\\/da\\\/\",\"name\":\"LEMCO Mobility\",\"description\":\"Exercisers for Wheelchair and Chair &amp; BedBikes for Hospital beds\",\"publisher\":{\"@id\":\"https:\\\/\\\/lemco-mobility.com\\\/da\\\/#organization\"},\"alternateName\":\"We increase Personal Mobility\",\"potentialAction\":[{\"@type\":\"SearchAction\",\"target\":{\"@type\":\"EntryPoint\",\"urlTemplate\":\"https:\\\/\\\/lemco-mobility.com\\\/da\\\/?s={search_term_string}\"},\"query-input\":{\"@type\":\"PropertyValueSpecification\",\"valueRequired\":true,\"valueName\":\"search_term_string\"}}],\"inLanguage\":\"da-DK\"},{\"@type\":\"Organization\",\"@id\":\"https:\\\/\\\/lemco-mobility.com\\\/da\\\/#organization\",\"name\":\"Lemco mobilitet\",\"url\":\"https:\\\/\\\/lemco-mobility.com\\\/da\\\/\",\"logo\":{\"@type\":\"ImageObject\",\"inLanguage\":\"da-DK\",\"@id\":\"https:\\\/\\\/lemco-mobility.com\\\/da\\\/#\\\/schema\\\/logo\\\/image\\\/\",\"url\":\"https:\\\/\\\/lemco-mobility.com\\\/wp-content\\\/uploads\\\/2021\\\/12\\\/Lemco_Logo_RGB_AlmostBlack.webp\",\"contentUrl\":\"https:\\\/\\\/lemco-mobility.com\\\/wp-content\\\/uploads\\\/2021\\\/12\\\/Lemco_Logo_RGB_AlmostBlack.webp\",\"width\":250,\"height\":36,\"caption\":\"Lemco mobilitet\"},\"image\":{\"@id\":\"https:\\\/\\\/lemco-mobility.com\\\/da\\\/#\\\/schema\\\/logo\\\/image\\\/\"},\"sameAs\":[\"https:\\\/\\\/www.facebook.com\\\/lemcomobility\",\"https:\\\/\\\/m.youtube.com\\\/channel\\\/UClAacR9HmcdIoue_NQtX2Ng\"]}]}<\/script>\n<!-- \/ Yoast SEO Premium plugin. -->","yoast_head_json":{"title":"Privatlivspolitik - LEMCO Mobility","robots":{"index":"noindex","follow":"nofollow"},"og_locale":"da_DK","og_type":"article","og_title":"Privatlivspolitik","og_description":"Privatlivspolitik Hvem vi er Vi er meget mere end en internetbutik. Vi opfinder, designer og fremstiller tr\u00e6ningsudstyr til personer med","og_url":"https:\/\/lemco-mobility.com\/da\/privatlivspolitik\/","og_site_name":"LEMCO Mobility","article_publisher":"https:\/\/www.facebook.com\/lemcomobility","article_modified_time":"2025-11-05T11:11:38+00:00","og_image":[{"width":2000,"height":576,"url":"https:\/\/lemco-mobility.com\/wp-content\/uploads\/2023\/03\/exercisers-for-wheelchair.webp","type":"image\/webp"}],"twitter_card":"summary_large_image","twitter_misc":{"Estimeret l\u00e6setid":"3 minutter"},"schema":{"@context":"https:\/\/schema.org","@graph":[{"@type":"WebPage","@id":"https:\/\/lemco-mobility.com\/da\/privatlivspolitik\/","url":"https:\/\/lemco-mobility.com\/da\/privatlivspolitik\/","name":"Privatlivspolitik - LEMCO Mobility","isPartOf":{"@id":"https:\/\/lemco-mobility.com\/da\/#website"},"datePublished":"2021-05-16T17:35:14+00:00","dateModified":"2025-11-05T11:11:38+00:00","breadcrumb":{"@id":"https:\/\/lemco-mobility.com\/da\/privatlivspolitik\/#breadcrumb"},"inLanguage":"da-DK","potentialAction":[{"@type":"ReadAction","target":["https:\/\/lemco-mobility.com\/da\/privatlivspolitik\/"]}]},{"@type":"BreadcrumbList","@id":"https:\/\/lemco-mobility.com\/da\/privatlivspolitik\/#breadcrumb","itemListElement":[{"@type":"ListItem","position":1,"name":"Home","item":"https:\/\/lemco-mobility.com\/da\/traeningscykler-til-koerestol-stol-bedbikes-til-hospitalssenge\/"},{"@type":"ListItem","position":2,"name":"Privatlivspolitik"}]},{"@type":"WebSite","@id":"https:\/\/lemco-mobility.com\/da\/#website","url":"https:\/\/lemco-mobility.com\/da\/","name":"LEMCO Mobility","description":"Exercisers for Wheelchair and Chair &amp; BedBikes for Hospital beds","publisher":{"@id":"https:\/\/lemco-mobility.com\/da\/#organization"},"alternateName":"We increase Personal Mobility","potentialAction":[{"@type":"SearchAction","target":{"@type":"EntryPoint","urlTemplate":"https:\/\/lemco-mobility.com\/da\/?s={search_term_string}"},"query-input":{"@type":"PropertyValueSpecification","valueRequired":true,"valueName":"search_term_string"}}],"inLanguage":"da-DK"},{"@type":"Organization","@id":"https:\/\/lemco-mobility.com\/da\/#organization","name":"Lemco mobilitet","url":"https:\/\/lemco-mobility.com\/da\/","logo":{"@type":"ImageObject","inLanguage":"da-DK","@id":"https:\/\/lemco-mobility.com\/da\/#\/schema\/logo\/image\/","url":"https:\/\/lemco-mobility.com\/wp-content\/uploads\/2021\/12\/Lemco_Logo_RGB_AlmostBlack.webp","contentUrl":"https:\/\/lemco-mobility.com\/wp-content\/uploads\/2021\/12\/Lemco_Logo_RGB_AlmostBlack.webp","width":250,"height":36,"caption":"Lemco mobilitet"},"image":{"@id":"https:\/\/lemco-mobility.com\/da\/#\/schema\/logo\/image\/"},"sameAs":["https:\/\/www.facebook.com\/lemcomobility","https:\/\/m.youtube.com\/channel\/UClAacR9HmcdIoue_NQtX2Ng"]}]}},"_links":{"self":[{"href":"https:\/\/lemco-mobility.com\/da\/wp-json\/wp\/v2\/pages\/28678","targetHints":{"allow":["GET"]}}],"collection":[{"href":"https:\/\/lemco-mobility.com\/da\/wp-json\/wp\/v2\/pages"}],"about":[{"href":"https:\/\/lemco-mobility.com\/da\/wp-json\/wp\/v2\/types\/page"}],"author":[{"embeddable":true,"href":"https:\/\/lemco-mobility.com\/da\/wp-json\/wp\/v2\/users\/1"}],"replies":[{"embeddable":true,"href":"https:\/\/lemco-mobility.com\/da\/wp-json\/wp\/v2\/comments?post=28678"}],"version-history":[{"count":3,"href":"https:\/\/lemco-mobility.com\/da\/wp-json\/wp\/v2\/pages\/28678\/revisions"}],"predecessor-version":[{"id":28685,"href":"https:\/\/lemco-mobility.com\/da\/wp-json\/wp\/v2\/pages\/28678\/revisions\/28685"}],"wp:attachment":[{"href":"https:\/\/lemco-mobility.com\/da\/wp-json\/wp\/v2\/media?parent=28678"}],"curies":[{"name":"wp","href":"https:\/\/api.w.org\/{rel}","templated":true}]}}