{"id":28686,"date":"2022-06-28T09:17:11","date_gmt":"2022-06-28T09:17:11","guid":{"rendered":"https:\/\/lemco-mobility.com\/nyheder\/"},"modified":"2026-04-17T10:40:30","modified_gmt":"2026-04-17T10:40:30","slug":"lemco-nyheder","status":"publish","type":"page","link":"https:\/\/lemco-mobility.com\/da\/lemco-nyheder\/","title":{"rendered":"Nyheder"},"content":{"rendered":"\t\t<div data-elementor-type=\"wp-page\" data-elementor-id=\"28686\" class=\"elementor elementor-28686 elementor-10832\" data-elementor-post-type=\"page\">\n\t\t\t\t\t\t<section class=\"wd-negative-gap elementor-section elementor-top-section elementor-element elementor-element-3a103f5a elementor-section-height-min-height elementor-section-items-stretch elementor-section-full_width wd-section-stretch elementor-section-height-default\" data-id=\"3a103f5a\" data-element_type=\"section\" data-e-type=\"section\" data-settings=\"{&quot;background_background&quot;:&quot;classic&quot;,&quot;shape_divider_bottom&quot;:&quot;curve&quot;,&quot;shape_divider_bottom_negative&quot;:&quot;yes&quot;}\">\n\t\t\t\t\t<div class=\"elementor-shape elementor-shape-bottom\" aria-hidden=\"true\" data-negative=\"true\">\n\t\t\t<svg xmlns=\"http:\/\/www.w3.org\/2000\/svg\" viewBox=\"0 0 1000 100\" preserveAspectRatio=\"none\">\n\t<path class=\"elementor-shape-fill\" d=\"M500,97C126.7,96.3,0.8,19.8,0,0v100l1000,0V1C1000,19.4,873.3,97.8,500,97z\"\/>\n<\/svg>\t\t<\/div>\n\t\t\t\t\t<div class=\"elementor-container elementor-column-gap-custom\">\n\t\t\t\t\t<div class=\"elementor-column elementor-col-50 elementor-top-column elementor-element elementor-element-727283d\" data-id=\"727283d\" data-element_type=\"column\" data-e-type=\"column\">\n\t\t\t<div class=\"elementor-widget-wrap elementor-element-populated\">\n\t\t\t\t\t\t<div class=\"elementor-element elementor-element-6e1fc8b elementor-widget elementor-widget-spacer\" data-id=\"6e1fc8b\" data-element_type=\"widget\" data-e-type=\"widget\" data-widget_type=\"spacer.default\">\n\t\t\t\t<div class=\"elementor-widget-container\">\n\t\t\t\t\t\t\t<div class=\"elementor-spacer\">\n\t\t\t<div class=\"elementor-spacer-inner\"><\/div>\n\t\t<\/div>\n\t\t\t\t\t\t<\/div>\n\t\t\t\t<\/div>\n\t\t\t\t\t<\/div>\n\t\t<\/div>\n\t\t\t\t<div class=\"elementor-column elementor-col-50 elementor-top-column elementor-element elementor-element-47c09cce\" data-id=\"47c09cce\" data-element_type=\"column\" data-e-type=\"column\">\n\t\t\t<div class=\"elementor-widget-wrap elementor-element-populated\">\n\t\t\t\t\t\t<div class=\"elementor-element elementor-element-33a2bc33 elementor-widget elementor-widget-spacer\" data-id=\"33a2bc33\" data-element_type=\"widget\" data-e-type=\"widget\" data-widget_type=\"spacer.default\">\n\t\t\t\t<div class=\"elementor-widget-container\">\n\t\t\t\t\t\t\t<div class=\"elementor-spacer\">\n\t\t\t<div class=\"elementor-spacer-inner\"><\/div>\n\t\t<\/div>\n\t\t\t\t\t\t<\/div>\n\t\t\t\t<\/div>\n\t\t\t\t\t<\/div>\n\t\t<\/div>\n\t\t\t\t\t<\/div>\n\t\t<\/section>\n\t\t\t\t<section class=\"elementor-section elementor-top-section elementor-element elementor-element-68d652bf wd-section-stretch elementor-section-boxed elementor-section-height-default elementor-section-height-default\" data-id=\"68d652bf\" data-element_type=\"section\" data-e-type=\"section\" data-settings=\"{&quot;background_background&quot;:&quot;gradient&quot;,&quot;shape_divider_bottom&quot;:&quot;curve&quot;,&quot;shape_divider_bottom_negative&quot;:&quot;yes&quot;}\">\n\t\t\t\t\t<div class=\"elementor-shape elementor-shape-bottom\" aria-hidden=\"true\" data-negative=\"true\">\n\t\t\t<svg xmlns=\"http:\/\/www.w3.org\/2000\/svg\" viewBox=\"0 0 1000 100\" preserveAspectRatio=\"none\">\n\t<path class=\"elementor-shape-fill\" d=\"M500,97C126.7,96.3,0.8,19.8,0,0v100l1000,0V1C1000,19.4,873.3,97.8,500,97z\"\/>\n<\/svg>\t\t<\/div>\n\t\t\t\t\t<div class=\"elementor-container elementor-column-gap-default\">\n\t\t\t\t\t<div class=\"elementor-column elementor-col-100 elementor-top-column elementor-element elementor-element-4153ccc\" data-id=\"4153ccc\" data-element_type=\"column\" data-e-type=\"column\">\n\t\t\t<div class=\"elementor-widget-wrap elementor-element-populated\">\n\t\t\t\t\t\t<div class=\"elementor-element elementor-element-59452a0b elementor-widget elementor-widget-heading\" data-id=\"59452a0b\" data-element_type=\"widget\" data-e-type=\"widget\" data-widget_type=\"heading.default\">\n\t\t\t\t<div class=\"elementor-widget-container\">\n\t\t\t\t\t<h1 class=\"elementor-heading-title elementor-size-default\">Nyheder<\/h1>\t\t\t\t<\/div>\n\t\t\t\t<\/div>\n\t\t\t\t<div class=\"elementor-element elementor-element-63f5a4df elementor-widget-divider--view-line elementor-widget elementor-widget-divider\" data-id=\"63f5a4df\" data-element_type=\"widget\" data-e-type=\"widget\" data-widget_type=\"divider.default\">\n\t\t\t\t<div class=\"elementor-widget-container\">\n\t\t\t\t\t\t\t<div class=\"elementor-divider\">\n\t\t\t<span class=\"elementor-divider-separator\">\n\t\t\t\t\t\t<\/span>\n\t\t<\/div>\n\t\t\t\t\t\t<\/div>\n\t\t\t\t<\/div>\n\t\t\t\t<div class=\"elementor-element elementor-element-60c20bb elementor-grid-4 elementor-grid-tablet-2 elementor-grid-mobile-1 elementor-posts--thumbnail-top elementor-card-shadow-yes elementor-posts__hover-gradient elementor-widget elementor-widget-posts\" data-id=\"60c20bb\" data-element_type=\"widget\" data-e-type=\"widget\" data-settings=\"{&quot;cards_columns&quot;:&quot;4&quot;,&quot;cards_row_gap&quot;:{&quot;unit&quot;:&quot;px&quot;,&quot;size&quot;:15,&quot;sizes&quot;:[]},&quot;cards_columns_tablet&quot;:&quot;2&quot;,&quot;cards_columns_mobile&quot;:&quot;1&quot;,&quot;cards_row_gap_tablet&quot;:{&quot;unit&quot;:&quot;px&quot;,&quot;size&quot;:&quot;&quot;,&quot;sizes&quot;:[]},&quot;cards_row_gap_mobile&quot;:{&quot;unit&quot;:&quot;px&quot;,&quot;size&quot;:&quot;&quot;,&quot;sizes&quot;:[]}}\" data-widget_type=\"posts.cards\">\n\t\t\t\t<div class=\"elementor-widget-container\">\n\t\t\t\t\t\t\t<div class=\"elementor-posts-container elementor-posts elementor-posts--skin-cards elementor-grid\" role=\"list\">\n\t\t\t\t<article class=\"elementor-post elementor-grid-item post-29043 post type-post status-publish format-standard has-post-thumbnail hentry category-nyheder\" role=\"listitem\">\n\t\t\t<div class=\"elementor-post__card\">\n\t\t\t\t<a class=\"elementor-post__thumbnail__link\" href=\"https:\/\/lemco-mobility.com\/da\/dialysepatienter-cykler-tusindvis-af-kilometer\/\" tabindex=\"-1\" ><div class=\"elementor-post__thumbnail\"><img decoding=\"async\" width=\"225\" height=\"300\" src=\"https:\/\/lemco-mobility.com\/wp-content\/uploads\/2022\/12\/Dialysis-exercise-while-in-care-pedal-trainer-BedBike-225x300.webp\" class=\"attachment-medium size-medium wp-image-29045\" alt=\"BedBike TV til dialyse\" srcset=\"https:\/\/lemco-mobility.com\/wp-content\/uploads\/2022\/12\/Dialysis-exercise-while-in-care-pedal-trainer-BedBike-225x300.webp 225w, https:\/\/lemco-mobility.com\/wp-content\/uploads\/2022\/12\/Dialysis-exercise-while-in-care-pedal-trainer-BedBike-600x800.webp 600w, https:\/\/lemco-mobility.com\/wp-content\/uploads\/2022\/12\/Dialysis-exercise-while-in-care-pedal-trainer-BedBike-150x200.webp 150w, https:\/\/lemco-mobility.com\/wp-content\/uploads\/2022\/12\/Dialysis-exercise-while-in-care-pedal-trainer-BedBike-768x1024.webp 768w, https:\/\/lemco-mobility.com\/wp-content\/uploads\/2022\/12\/Dialysis-exercise-while-in-care-pedal-trainer-BedBike-113x150.webp 113w, https:\/\/lemco-mobility.com\/wp-content\/uploads\/2022\/12\/Dialysis-exercise-while-in-care-pedal-trainer-BedBike-1152x1536.webp 1152w, https:\/\/lemco-mobility.com\/wp-content\/uploads\/2022\/12\/Dialysis-exercise-while-in-care-pedal-trainer-BedBike.webp 1200w\" sizes=\"(max-width: 225px) 100vw, 225px\" \/><\/div><\/a>\n\t\t\t\t<div class=\"elementor-post__text\">\n\t\t\t\t<h3 class=\"elementor-post__title\">\n\t\t\t<a href=\"https:\/\/lemco-mobility.com\/da\/dialysepatienter-cykler-tusindvis-af-kilometer\/\" >\n\t\t\t\tDialysepatienter cykler tusindvis af kilometer\t\t\t<\/a>\n\t\t<\/h3>\n\t\t\t\t<div class=\"elementor-post__excerpt\">\n\t\t\t<p>P\u00e5 S\u00f8nderborg Sygehus cykler 18 patienter tusindvis af kilometer, mens de er i dialyse. Tr\u00e6ningen giver en r\u00e6kke sundhedsm\u00e6ssige fordele, som blev vist i TV Avisen.  <\/p>\n<p><b>Se fra 2 minutter og 04 sekunder<\/b><\/p>\n\t\t<\/div>\n\t\t\t\t\t<div class=\"elementor-post__read-more-wrapper\">\n\t\t\n\t\t<a class=\"elementor-post__read-more\" href=\"https:\/\/lemco-mobility.com\/da\/dialysepatienter-cykler-tusindvis-af-kilometer\/\" aria-label=\"Read more about Dialysepatienter cykler tusindvis af kilometer\" tabindex=\"-1\" >\n\t\t\tL\u00e6s mere \u00bb\t\t<\/a>\n\n\t\t\t\t\t<\/div>\n\t\t\t\t<\/div>\n\t\t\t\t\t<\/div>\n\t\t<\/article>\n\t\t\t\t<article class=\"elementor-post elementor-grid-item post-29075 post type-post status-publish format-standard has-post-thumbnail hentry category-nyheder\" role=\"listitem\">\n\t\t\t<div class=\"elementor-post__card\">\n\t\t\t\t<a class=\"elementor-post__thumbnail__link\" href=\"https:\/\/lemco-mobility.com\/da\/manuped-genopfundet-af-lemco-mobility-i-danmark\/\" tabindex=\"-1\" ><div class=\"elementor-post__thumbnail\"><img decoding=\"async\" width=\"231\" height=\"300\" src=\"https:\/\/lemco-mobility.com\/wp-content\/uploads\/2023\/11\/aina-wifalk-231x300.jpg\" class=\"attachment-medium size-medium wp-image-29077\" alt=\"Aina Wilfak, opfinder af manuped\" srcset=\"https:\/\/lemco-mobility.com\/wp-content\/uploads\/2023\/11\/aina-wifalk-231x300.jpg 231w, https:\/\/lemco-mobility.com\/wp-content\/uploads\/2023\/11\/aina-wifalk-150x195.jpg 150w, https:\/\/lemco-mobility.com\/wp-content\/uploads\/2023\/11\/aina-wifalk-115x150.jpg 115w, https:\/\/lemco-mobility.com\/wp-content\/uploads\/2023\/11\/aina-wifalk.jpg 461w\" sizes=\"(max-width: 231px) 100vw, 231px\" \/><\/div><\/a>\n\t\t\t\t<div class=\"elementor-post__text\">\n\t\t\t\t<h3 class=\"elementor-post__title\">\n\t\t\t<a href=\"https:\/\/lemco-mobility.com\/da\/manuped-genopfundet-af-lemco-mobility-i-danmark\/\" >\n\t\t\t\tManuped genopfundet af Lemco Mobility i Danmark\t\t\t<\/a>\n\t\t<\/h3>\n\t\t\t\t<div class=\"elementor-post__excerpt\">\n\t\t\t<p>Lemco Mobility i Helsing\u00f8r, Danmark, har opfundet den banebrydende manuped, der udm\u00e6rker sig ved sine bem\u00e6rkelsesv\u00e6rdige forbedringer og optimeringer sammenlignet med eksisterende manupeder, der er tilg\u00e6ngelige overalt.<\/p>\n\t\t<\/div>\n\t\t\t\t\t<div class=\"elementor-post__read-more-wrapper\">\n\t\t\n\t\t<a class=\"elementor-post__read-more\" href=\"https:\/\/lemco-mobility.com\/da\/manuped-genopfundet-af-lemco-mobility-i-danmark\/\" aria-label=\"Read more about Manuped genopfundet af Lemco Mobility i Danmark\" tabindex=\"-1\" >\n\t\t\tL\u00e6s mere \u00bb\t\t<\/a>\n\n\t\t\t\t\t<\/div>\n\t\t\t\t<\/div>\n\t\t\t\t\t<\/div>\n\t\t<\/article>\n\t\t\t\t<article class=\"elementor-post elementor-grid-item post-29087 post type-post status-publish format-standard has-post-thumbnail hentry category-nyheder\" role=\"listitem\">\n\t\t\t<div class=\"elementor-post__card\">\n\t\t\t\t<a class=\"elementor-post__thumbnail__link\" href=\"https:\/\/lemco-mobility.com\/da\/bedbike-brugt-paa-intensivafdelingen-hjaelper-patienter-med-at-komme-sig-hurtigere\/\" tabindex=\"-1\" ><div class=\"elementor-post__thumbnail\"><img decoding=\"async\" width=\"300\" height=\"212\" src=\"https:\/\/lemco-mobility.com\/wp-content\/uploads\/2022\/12\/ICU-Pedal-Exerciser-At-Hospital-300x212.webp\" class=\"attachment-medium size-medium wp-image-29089\" alt=\"ICU pedal tr\u00e6ningscykel p\u00e5 hospitalet\" srcset=\"https:\/\/lemco-mobility.com\/wp-content\/uploads\/2022\/12\/ICU-Pedal-Exerciser-At-Hospital-300x212.webp 300w, https:\/\/lemco-mobility.com\/wp-content\/uploads\/2022\/12\/ICU-Pedal-Exerciser-At-Hospital-150x106.webp 150w, https:\/\/lemco-mobility.com\/wp-content\/uploads\/2022\/12\/ICU-Pedal-Exerciser-At-Hospital.webp 500w\" sizes=\"(max-width: 300px) 100vw, 300px\" \/><\/div><\/a>\n\t\t\t\t<div class=\"elementor-post__text\">\n\t\t\t\t<h3 class=\"elementor-post__title\">\n\t\t\t<a href=\"https:\/\/lemco-mobility.com\/da\/bedbike-brugt-paa-intensivafdelingen-hjaelper-patienter-med-at-komme-sig-hurtigere\/\" >\n\t\t\t\tBedBike brugt p\u00e5 intensivafdelingen hj\u00e6lper patienter med at komme sig hurtigere\t\t\t<\/a>\n\t\t<\/h3>\n\t\t\t\t<div class=\"elementor-post__excerpt\">\n\t\t\t<p>Dr. Christopher White udtaler, at BedBike hj\u00e6lper patienter p\u00e5 intensivafdelingen med at komme sig hurtigere. Derudover reducerer brugen af BedBike til at tr\u00e6ne liggende risikoen for at udvikle nye problemer under hospitalsindl\u00e6ggelsen. <\/p>\n\t\t<\/div>\n\t\t\t\t\t<div class=\"elementor-post__read-more-wrapper\">\n\t\t\n\t\t<a class=\"elementor-post__read-more\" href=\"https:\/\/lemco-mobility.com\/da\/bedbike-brugt-paa-intensivafdelingen-hjaelper-patienter-med-at-komme-sig-hurtigere\/\" aria-label=\"Read more about BedBike brugt p\u00e5 intensivafdelingen hj\u00e6lper patienter med at komme sig hurtigere\" tabindex=\"-1\" >\n\t\t\tL\u00e6s mere \u00bb\t\t<\/a>\n\n\t\t\t\t\t<\/div>\n\t\t\t\t<\/div>\n\t\t\t\t\t<\/div>\n\t\t<\/article>\n\t\t\t\t<article class=\"elementor-post elementor-grid-item post-29117 post type-post status-publish format-standard has-post-thumbnail hentry category-nyheder\" role=\"listitem\">\n\t\t\t<div class=\"elementor-post__card\">\n\t\t\t\t<a class=\"elementor-post__thumbnail__link\" href=\"https:\/\/lemco-mobility.com\/da\/rehacare-2022-lemco-mobility-traeningscykler\/\" tabindex=\"-1\" ><div class=\"elementor-post__thumbnail\"><img decoding=\"async\" width=\"300\" height=\"225\" src=\"https:\/\/lemco-mobility.com\/wp-content\/uploads\/2023\/02\/IMG_4408-300x225.jpeg\" class=\"attachment-medium size-medium wp-image-28698\" alt=\"Tr\u00e6ningscykler til k\u00f8restol, stol og hospitalsseng. Lemco-mobility Rehacare 2022 udstilling.\" srcset=\"https:\/\/lemco-mobility.com\/wp-content\/uploads\/2023\/02\/IMG_4408-300x225.jpeg 300w, https:\/\/lemco-mobility.com\/wp-content\/uploads\/2023\/02\/IMG_4408-scaled-600x450.jpeg 600w, https:\/\/lemco-mobility.com\/wp-content\/uploads\/2023\/02\/IMG_4408-150x113.jpeg 150w, https:\/\/lemco-mobility.com\/wp-content\/uploads\/2023\/02\/IMG_4408-768x576.jpeg 768w, https:\/\/lemco-mobility.com\/wp-content\/uploads\/2023\/02\/IMG_4408-1024x768.jpeg 1024w, https:\/\/lemco-mobility.com\/wp-content\/uploads\/2023\/02\/IMG_4408-1536x1152.jpeg 1536w, https:\/\/lemco-mobility.com\/wp-content\/uploads\/2023\/02\/IMG_4408-2048x1536.jpeg 2048w\" sizes=\"(max-width: 300px) 100vw, 300px\" \/><\/div><\/a>\n\t\t\t\t<div class=\"elementor-post__text\">\n\t\t\t\t<h3 class=\"elementor-post__title\">\n\t\t\t<a href=\"https:\/\/lemco-mobility.com\/da\/rehacare-2022-lemco-mobility-traeningscykler\/\" >\n\t\t\t\tRehacare 2022 lemco-mobility tr\u00e6ningscykler\t\t\t<\/a>\n\t\t<\/h3>\n\t\t\t\t<div class=\"elementor-post__excerpt\">\n\t\t\t<p>Lemco-mobility tr\u00e6ningscykler p\u00e5 Rehacare 2022. Vi udstillede p\u00e5 Rehacare i november 2022 for at vise vores tr\u00e6ningscykler til brug i k\u00f8restol, stol og hospitalsseng. <\/p>\n\t\t<\/div>\n\t\t\t\t\t<div class=\"elementor-post__read-more-wrapper\">\n\t\t\n\t\t<a class=\"elementor-post__read-more\" href=\"https:\/\/lemco-mobility.com\/da\/rehacare-2022-lemco-mobility-traeningscykler\/\" aria-label=\"Read more about Rehacare 2022 lemco-mobility tr\u00e6ningscykler\" tabindex=\"-1\" >\n\t\t\tL\u00e6s mere \u00bb\t\t<\/a>\n\n\t\t\t\t\t<\/div>\n\t\t\t\t<\/div>\n\t\t\t\t\t<\/div>\n\t\t<\/article>\n\t\t\t\t<article class=\"elementor-post elementor-grid-item post-29141 post type-post status-publish format-standard has-post-thumbnail hentry category-nyheder\" role=\"listitem\">\n\t\t\t<div class=\"elementor-post__card\">\n\t\t\t\t<a class=\"elementor-post__thumbnail__link\" href=\"https:\/\/lemco-mobility.com\/da\/den-franske-sundhedsminister-francois-braun-besoeger-asa-dialyse\/\" tabindex=\"-1\" ><div class=\"elementor-post__thumbnail\"><img decoding=\"async\" width=\"300\" height=\"227\" src=\"https:\/\/lemco-mobility.com\/wp-content\/uploads\/2022\/10\/francois-braun-thumb-300x227.jpg\" class=\"attachment-medium size-medium wp-image-29145\" alt=\"\" srcset=\"https:\/\/lemco-mobility.com\/wp-content\/uploads\/2022\/10\/francois-braun-thumb-300x227.jpg 300w, https:\/\/lemco-mobility.com\/wp-content\/uploads\/2022\/10\/francois-braun-thumb-600x454.jpg 600w, https:\/\/lemco-mobility.com\/wp-content\/uploads\/2022\/10\/francois-braun-thumb-150x113.jpg 150w, https:\/\/lemco-mobility.com\/wp-content\/uploads\/2022\/10\/francois-braun-thumb-1024x775.jpg 1024w, https:\/\/lemco-mobility.com\/wp-content\/uploads\/2022\/10\/francois-braun-thumb-768x581.jpg 768w, https:\/\/lemco-mobility.com\/wp-content\/uploads\/2022\/10\/francois-braun-thumb.jpg 1080w\" sizes=\"(max-width: 300px) 100vw, 300px\" \/><\/div><\/a>\n\t\t\t\t<div class=\"elementor-post__text\">\n\t\t\t\t<h3 class=\"elementor-post__title\">\n\t\t\t<a href=\"https:\/\/lemco-mobility.com\/da\/den-franske-sundhedsminister-francois-braun-besoeger-asa-dialyse\/\" >\n\t\t\t\tDen franske sundhedsminister Fran\u00e7ois Braun bes\u00f8ger ASA dialyse\t\t\t<\/a>\n\t\t<\/h3>\n\t\t\t\t<div class=\"elementor-post__excerpt\">\n\t\t\t<p>Fran\u00e7ois Braun, den franske minister for sundhed og forebyggelse, aflagde for nylig et bes\u00f8g hos Association Saint-Andr\u00e9 (ASA), et dialysecenter i Talange, Frankrig. En ministeriel rundtur med fokus p\u00e5 &#8220;Sport og Sundhed&#8221;, med det form\u00e5l at l\u00f8fte &#8220;forebyggelse&#8221; som en afg\u00f8rende s\u00f8jle i sundhedspolitikken. <\/p>\n\t\t<\/div>\n\t\t\t\t\t<div class=\"elementor-post__read-more-wrapper\">\n\t\t\n\t\t<a class=\"elementor-post__read-more\" href=\"https:\/\/lemco-mobility.com\/da\/den-franske-sundhedsminister-francois-braun-besoeger-asa-dialyse\/\" aria-label=\"Read more about Den franske sundhedsminister Fran\u00e7ois Braun bes\u00f8ger ASA dialyse\" tabindex=\"-1\" >\n\t\t\tL\u00e6s mere \u00bb\t\t<\/a>\n\n\t\t\t\t\t<\/div>\n\t\t\t\t<\/div>\n\t\t\t\t\t<\/div>\n\t\t<\/article>\n\t\t\t\t<\/div>\n\t\t\n\t\t\t\t\t\t<\/div>\n\t\t\t\t<\/div>\n\t\t\t\t\t<\/div>\n\t\t<\/div>\n\t\t\t\t\t<\/div>\n\t\t<\/section>\n\t\t\t\t<\/div>\n\t\t","protected":false},"excerpt":{"rendered":"<p>Nyheder<\/p>\n","protected":false},"author":3,"featured_media":0,"parent":0,"menu_order":0,"comment_status":"closed","ping_status":"closed","template":"","meta":{"content-type":"","footnotes":""},"class_list":["post-28686","page","type-page","status-publish","hentry"],"yoast_head":"<!-- This site is optimized with the Yoast SEO Premium plugin v27.4 (Yoast SEO v27.4) - https:\/\/yoast.com\/product\/yoast-seo-premium-wordpress\/ -->\n<title>Nyheder - LEMCO Mobility<\/title>\n<meta name=\"description\" content=\"Hovedsiden for lemco artikler og nyheder. Pr\u00e6senterer sp\u00e6ndende nyheder, design, tanker og processer. L\u00e6s alt om det her\" \/>\n<meta name=\"robots\" content=\"index, follow, max-snippet:-1, max-image-preview:large, max-video-preview:-1\" \/>\n<link rel=\"canonical\" href=\"https:\/\/lemco-mobility.com\/da\/lemco-nyheder\/\" \/>\n<meta property=\"og:locale\" content=\"da_DK\" \/>\n<meta property=\"og:type\" content=\"article\" \/>\n<meta property=\"og:title\" content=\"Nyheder\" \/>\n<meta property=\"og:description\" content=\"Hovedsiden for lemco artikler og nyheder. Pr\u00e6senterer sp\u00e6ndende nyheder, design, tanker og processer. L\u00e6s alt om det her\" \/>\n<meta property=\"og:url\" content=\"https:\/\/lemco-mobility.com\/da\/lemco-nyheder\/\" \/>\n<meta property=\"og:site_name\" content=\"LEMCO Mobility\" \/>\n<meta property=\"article:publisher\" content=\"https:\/\/www.facebook.com\/lemcomobility\" \/>\n<meta property=\"article:modified_time\" content=\"2026-04-17T10:40:30+00:00\" \/>\n<meta property=\"og:image\" content=\"https:\/\/lemco-mobility.com\/wp-content\/uploads\/2023\/03\/exercisers-for-wheelchair.webp\" \/>\n\t<meta property=\"og:image:width\" content=\"2000\" \/>\n\t<meta property=\"og:image:height\" content=\"576\" \/>\n\t<meta property=\"og:image:type\" content=\"image\/webp\" \/>\n<meta name=\"twitter:card\" content=\"summary_large_image\" \/>\n<meta name=\"twitter:label1\" content=\"Estimeret l\u00e6setid\" \/>\n\t<meta name=\"twitter:data1\" content=\"3 minutter\" \/>\n<script type=\"application\/ld+json\" class=\"yoast-schema-graph\">{\"@context\":\"https:\\\/\\\/schema.org\",\"@graph\":[{\"@type\":\"WebPage\",\"@id\":\"https:\\\/\\\/lemco-mobility.com\\\/da\\\/lemco-nyheder\\\/\",\"url\":\"https:\\\/\\\/lemco-mobility.com\\\/da\\\/lemco-nyheder\\\/\",\"name\":\"Nyheder - LEMCO Mobility\",\"isPartOf\":{\"@id\":\"https:\\\/\\\/lemco-mobility.com\\\/da\\\/#website\"},\"datePublished\":\"2022-06-28T09:17:11+00:00\",\"dateModified\":\"2026-04-17T10:40:30+00:00\",\"description\":\"Hovedsiden for lemco artikler og nyheder. Pr\u00e6senterer sp\u00e6ndende nyheder, design, tanker og processer. L\u00e6s alt om det her\",\"breadcrumb\":{\"@id\":\"https:\\\/\\\/lemco-mobility.com\\\/da\\\/lemco-nyheder\\\/#breadcrumb\"},\"inLanguage\":\"da-DK\",\"potentialAction\":[{\"@type\":\"ReadAction\",\"target\":[\"https:\\\/\\\/lemco-mobility.com\\\/da\\\/lemco-nyheder\\\/\"]}]},{\"@type\":\"BreadcrumbList\",\"@id\":\"https:\\\/\\\/lemco-mobility.com\\\/da\\\/lemco-nyheder\\\/#breadcrumb\",\"itemListElement\":[{\"@type\":\"ListItem\",\"position\":1,\"name\":\"Home\",\"item\":\"https:\\\/\\\/lemco-mobility.com\\\/da\\\/traeningscykler-til-koerestol-stol-bedbikes-til-hospitalssenge\\\/\"},{\"@type\":\"ListItem\",\"position\":2,\"name\":\"Nyheder\"}]},{\"@type\":\"WebSite\",\"@id\":\"https:\\\/\\\/lemco-mobility.com\\\/da\\\/#website\",\"url\":\"https:\\\/\\\/lemco-mobility.com\\\/da\\\/\",\"name\":\"LEMCO Mobility\",\"description\":\"Exercisers for Wheelchair and Chair &amp; BedBikes for Hospital beds\",\"publisher\":{\"@id\":\"https:\\\/\\\/lemco-mobility.com\\\/da\\\/#organization\"},\"alternateName\":\"We increase Personal Mobility\",\"potentialAction\":[{\"@type\":\"SearchAction\",\"target\":{\"@type\":\"EntryPoint\",\"urlTemplate\":\"https:\\\/\\\/lemco-mobility.com\\\/da\\\/?s={search_term_string}\"},\"query-input\":{\"@type\":\"PropertyValueSpecification\",\"valueRequired\":true,\"valueName\":\"search_term_string\"}}],\"inLanguage\":\"da-DK\"},{\"@type\":\"Organization\",\"@id\":\"https:\\\/\\\/lemco-mobility.com\\\/da\\\/#organization\",\"name\":\"Lemco mobilitet\",\"url\":\"https:\\\/\\\/lemco-mobility.com\\\/da\\\/\",\"logo\":{\"@type\":\"ImageObject\",\"inLanguage\":\"da-DK\",\"@id\":\"https:\\\/\\\/lemco-mobility.com\\\/da\\\/#\\\/schema\\\/logo\\\/image\\\/\",\"url\":\"https:\\\/\\\/lemco-mobility.com\\\/wp-content\\\/uploads\\\/2021\\\/12\\\/Lemco_Logo_RGB_AlmostBlack.webp\",\"contentUrl\":\"https:\\\/\\\/lemco-mobility.com\\\/wp-content\\\/uploads\\\/2021\\\/12\\\/Lemco_Logo_RGB_AlmostBlack.webp\",\"width\":250,\"height\":36,\"caption\":\"Lemco mobilitet\"},\"image\":{\"@id\":\"https:\\\/\\\/lemco-mobility.com\\\/da\\\/#\\\/schema\\\/logo\\\/image\\\/\"},\"sameAs\":[\"https:\\\/\\\/www.facebook.com\\\/lemcomobility\",\"https:\\\/\\\/m.youtube.com\\\/channel\\\/UClAacR9HmcdIoue_NQtX2Ng\"]}]}<\/script>\n<!-- \/ Yoast SEO Premium plugin. -->","yoast_head_json":{"title":"Nyheder - LEMCO Mobility","description":"Hovedsiden for lemco artikler og nyheder. Pr\u00e6senterer sp\u00e6ndende nyheder, design, tanker og processer. L\u00e6s alt om det her","robots":{"index":"index","follow":"follow","max-snippet":"max-snippet:-1","max-image-preview":"max-image-preview:large","max-video-preview":"max-video-preview:-1"},"canonical":"https:\/\/lemco-mobility.com\/da\/lemco-nyheder\/","og_locale":"da_DK","og_type":"article","og_title":"Nyheder","og_description":"Hovedsiden for lemco artikler og nyheder. Pr\u00e6senterer sp\u00e6ndende nyheder, design, tanker og processer. L\u00e6s alt om det her","og_url":"https:\/\/lemco-mobility.com\/da\/lemco-nyheder\/","og_site_name":"LEMCO Mobility","article_publisher":"https:\/\/www.facebook.com\/lemcomobility","article_modified_time":"2026-04-17T10:40:30+00:00","og_image":[{"width":2000,"height":576,"url":"https:\/\/lemco-mobility.com\/wp-content\/uploads\/2023\/03\/exercisers-for-wheelchair.webp","type":"image\/webp"}],"twitter_card":"summary_large_image","twitter_misc":{"Estimeret l\u00e6setid":"3 minutter"},"schema":{"@context":"https:\/\/schema.org","@graph":[{"@type":"WebPage","@id":"https:\/\/lemco-mobility.com\/da\/lemco-nyheder\/","url":"https:\/\/lemco-mobility.com\/da\/lemco-nyheder\/","name":"Nyheder - LEMCO Mobility","isPartOf":{"@id":"https:\/\/lemco-mobility.com\/da\/#website"},"datePublished":"2022-06-28T09:17:11+00:00","dateModified":"2026-04-17T10:40:30+00:00","description":"Hovedsiden for lemco artikler og nyheder. Pr\u00e6senterer sp\u00e6ndende nyheder, design, tanker og processer. L\u00e6s alt om det her","breadcrumb":{"@id":"https:\/\/lemco-mobility.com\/da\/lemco-nyheder\/#breadcrumb"},"inLanguage":"da-DK","potentialAction":[{"@type":"ReadAction","target":["https:\/\/lemco-mobility.com\/da\/lemco-nyheder\/"]}]},{"@type":"BreadcrumbList","@id":"https:\/\/lemco-mobility.com\/da\/lemco-nyheder\/#breadcrumb","itemListElement":[{"@type":"ListItem","position":1,"name":"Home","item":"https:\/\/lemco-mobility.com\/da\/traeningscykler-til-koerestol-stol-bedbikes-til-hospitalssenge\/"},{"@type":"ListItem","position":2,"name":"Nyheder"}]},{"@type":"WebSite","@id":"https:\/\/lemco-mobility.com\/da\/#website","url":"https:\/\/lemco-mobility.com\/da\/","name":"LEMCO Mobility","description":"Exercisers for Wheelchair and Chair &amp; BedBikes for Hospital beds","publisher":{"@id":"https:\/\/lemco-mobility.com\/da\/#organization"},"alternateName":"We increase Personal Mobility","potentialAction":[{"@type":"SearchAction","target":{"@type":"EntryPoint","urlTemplate":"https:\/\/lemco-mobility.com\/da\/?s={search_term_string}"},"query-input":{"@type":"PropertyValueSpecification","valueRequired":true,"valueName":"search_term_string"}}],"inLanguage":"da-DK"},{"@type":"Organization","@id":"https:\/\/lemco-mobility.com\/da\/#organization","name":"Lemco mobilitet","url":"https:\/\/lemco-mobility.com\/da\/","logo":{"@type":"ImageObject","inLanguage":"da-DK","@id":"https:\/\/lemco-mobility.com\/da\/#\/schema\/logo\/image\/","url":"https:\/\/lemco-mobility.com\/wp-content\/uploads\/2021\/12\/Lemco_Logo_RGB_AlmostBlack.webp","contentUrl":"https:\/\/lemco-mobility.com\/wp-content\/uploads\/2021\/12\/Lemco_Logo_RGB_AlmostBlack.webp","width":250,"height":36,"caption":"Lemco mobilitet"},"image":{"@id":"https:\/\/lemco-mobility.com\/da\/#\/schema\/logo\/image\/"},"sameAs":["https:\/\/www.facebook.com\/lemcomobility","https:\/\/m.youtube.com\/channel\/UClAacR9HmcdIoue_NQtX2Ng"]}]}},"_links":{"self":[{"href":"https:\/\/lemco-mobility.com\/da\/wp-json\/wp\/v2\/pages\/28686","targetHints":{"allow":["GET"]}}],"collection":[{"href":"https:\/\/lemco-mobility.com\/da\/wp-json\/wp\/v2\/pages"}],"about":[{"href":"https:\/\/lemco-mobility.com\/da\/wp-json\/wp\/v2\/types\/page"}],"author":[{"embeddable":true,"href":"https:\/\/lemco-mobility.com\/da\/wp-json\/wp\/v2\/users\/3"}],"replies":[{"embeddable":true,"href":"https:\/\/lemco-mobility.com\/da\/wp-json\/wp\/v2\/comments?post=28686"}],"version-history":[{"count":3,"href":"https:\/\/lemco-mobility.com\/da\/wp-json\/wp\/v2\/pages\/28686\/revisions"}],"predecessor-version":[{"id":30634,"href":"https:\/\/lemco-mobility.com\/da\/wp-json\/wp\/v2\/pages\/28686\/revisions\/30634"}],"wp:attachment":[{"href":"https:\/\/lemco-mobility.com\/da\/wp-json\/wp\/v2\/media?parent=28686"}],"curies":[{"name":"wp","href":"https:\/\/api.w.org\/{rel}","templated":true}]}}