{"id":29442,"date":"2024-02-29T10:35:45","date_gmt":"2024-02-29T10:35:45","guid":{"rendered":"https:\/\/lemco-mobility.com\/ansvarsfraskrivelse\/"},"modified":"2025-11-05T11:48:46","modified_gmt":"2025-11-05T11:48:46","slug":"ansvarsfraskrivelse","status":"publish","type":"page","link":"https:\/\/lemco-mobility.com\/da\/ansvarsfraskrivelse\/","title":{"rendered":"Ansvarsfraskrivelse"},"content":{"rendered":"\t\t<div data-elementor-type=\"wp-page\" data-elementor-id=\"29442\" class=\"elementor elementor-29442 elementor-24579\" data-elementor-post-type=\"page\">\n\t\t\t\t\t\t<section class=\"elementor-section elementor-top-section elementor-element elementor-element-e7f5b00 wd-section-stretch elementor-section-boxed elementor-section-height-default elementor-section-height-default\" data-id=\"e7f5b00\" data-element_type=\"section\" data-e-type=\"section\" data-settings=\"{&quot;background_background&quot;:&quot;gradient&quot;,&quot;shape_divider_bottom&quot;:&quot;curve&quot;,&quot;shape_divider_bottom_negative&quot;:&quot;yes&quot;}\">\n\t\t\t\t\t<div class=\"elementor-shape elementor-shape-bottom\" aria-hidden=\"true\" data-negative=\"true\">\n\t\t\t<svg xmlns=\"http:\/\/www.w3.org\/2000\/svg\" viewBox=\"0 0 1000 100\" preserveAspectRatio=\"none\">\n\t<path class=\"elementor-shape-fill\" d=\"M500,97C126.7,96.3,0.8,19.8,0,0v100l1000,0V1C1000,19.4,873.3,97.8,500,97z\"\/>\n<\/svg>\t\t<\/div>\n\t\t\t\t\t<div class=\"elementor-container elementor-column-gap-default\">\n\t\t\t\t\t<div class=\"elementor-column elementor-col-100 elementor-top-column elementor-element elementor-element-0cb547e\" data-id=\"0cb547e\" data-element_type=\"column\" data-e-type=\"column\" data-settings=\"{&quot;background_background&quot;:&quot;classic&quot;}\">\n\t\t\t<div class=\"elementor-widget-wrap elementor-element-populated\">\n\t\t\t\t\t\t<div class=\"elementor-element elementor-element-2683d61 elementor-widget elementor-widget-heading\" data-id=\"2683d61\" data-element_type=\"widget\" data-e-type=\"widget\" data-widget_type=\"heading.default\">\n\t\t\t\t<div class=\"elementor-widget-container\">\n\t\t\t\t\t<h1 class=\"elementor-heading-title elementor-size-default\">Ansvarsfraskrivelse<\/h1>\t\t\t\t<\/div>\n\t\t\t\t<\/div>\n\t\t\t\t<div class=\"elementor-element elementor-element-9b918a5 elementor-widget elementor-widget-shortcode\" data-id=\"9b918a5\" data-element_type=\"widget\" data-e-type=\"widget\" data-widget_type=\"shortcode.default\">\n\t\t\t\t<div class=\"elementor-widget-container\">\n\t\t\t\t\t\t\t<div class=\"elementor-shortcode\">\n<!-- Legal document generated by Complianz | GDPR\/CCPA Cookie Consent https:\/\/wordpress.org\/plugins\/complianz-gdpr -->\n<div id=\"cmplz-document\" class=\"cmplz-document disclaimer cmplz-document-all\"><p>Lemco Rehab &amp; Fysio ApS er forpligtet til at holde dette websted opdateret og indholdet korrekt. Skulle du mod forventning finde noget, der enten ikke er korrekt eller ikke opdateret, vil vi s\u00e6tte stor pris p\u00e5, om du informerer os. Indiker gerne. hvor p\u00e5 siden du fandt informationen, der b\u00f8r rettes. Vi kigger p\u00e5 det s\u00e5 hurtigt som muligt. Du kan kontakte os p\u00e5: <span class=\"cmplz-obfuscate\">p&#114;&#105;v&#097;c&#121;@<span class=\"cmplz-fmail-domain\">&#101;x.c&#111;&#109;<\/span>&#108;e&#109;co.d&#107;<\/span>.<\/p><p>Vi er ikke ansvarlig for tab som f\u00f8lge af un\u00f8jagtigheder eller ufuldst\u00e6ndighed eller for tab som f\u00f8lge af problemer for\u00e5rsaget af eller iboende ved formidling af information via internettet, s\u00e5som forstyrrelser eller afbrydelser. Ved brug af webformularer str\u00e6ber vi efter at begr\u00e6nse antallet af kr\u00e6vede felter til et minimum. For ethvert tab, der er lidt som f\u00f8lge af brugen af \u200b\u200bdata, r\u00e5dgivning eller ideer leveret af eller p\u00e5 vegne af Lemco Rehab &amp; Fysio ApS via dette websted,Lemco Rehab &amp; Fysio ApS accepterer intet ansvar.<\/p><p>Svar og foresp\u00f8rgsler om beskyttelse af personlige oplysninger, der indsendes via e-mail eller ved hj\u00e6lp af en webformular, behandles p\u00e5 samme m\u00e5de som breve. Dette betyder, at du kan forvente et svar fra os inden for en periode p\u00e5 1 m\u00e5ned. I tilf\u00e6lde af komplekse anmodninger vil vi give dig besked inden for en m\u00e5ned, hvis vi har brug for h\u00f8jst 3 m\u00e5neder.<\/p><p>Alle personlige data, du leverer os i forbindelse med dit svar eller anmodning om information, vil kun blive brugt i overensstemmelse med vores fortrolighedserkl\u00e6ring.<\/p><p>Lemco Rehab &amp; Fysio ApS skal g\u00f8re enhver rimelig indsats for at beskytte dets systemer mod enhver form for ulovlig brug. Lemco Rehab &amp; Fysio ApS skal iv\u00e6rks\u00e6tte passende tekniske og organisatoriske foranstaltninger med henblik herp\u00e5 under hensyntagen til blandt andet den kendte teknik. Det er dog ikke ansvarligt for noget tab, direkte og \/ eller indirekte, som en bruger af webstedet har lidt, hvilket opst\u00e5r som f\u00f8lge af en tredjelands ulovlige brug af dets systemer.<\/p><p>Lemco Rehab &amp; Fysio ApS har ikke noget ansvar for indholdet p\u00e5 websteder til eller fra hvilke, der laves links eller referencer. Produkter eller ydelser, der udbydes af tredjepart, er underlagt de vilk\u00e5r og betingelser, som tredjepart angiver.<\/p><p>Alle intellektuelle ejendomsrettigheder til indhold p\u00e5 dette websted tilfalder Lemco Rehab &amp; Fysio ApS.<\/p><p>Kopiering, formidling og anden brug af disse materialer er ikke tilladt uden skriftlig tilladelse fra Lemco Rehab &amp; Fysio ApS, undtagen og kun i det omfang det ellers er fastsat i forordninger eller lov (som f.eks. Retten til at citere), medmindre det specifikke indhold tilsiger noget andet.<\/p><p>Hvis du har sp\u00f8rgsm\u00e5l eller problemer med tilg\u00e6ngeligheden af \u200b\u200bwebstedet, s\u00e5 t\u00f8v ikke med at kontakte os.<\/p><\/div><\/div>\n\t\t\t\t\t\t<\/div>\n\t\t\t\t<\/div>\n\t\t\t\t\t<\/div>\n\t\t<\/div>\n\t\t\t\t\t<\/div>\n\t\t<\/section>\n\t\t\t\t<\/div>\n\t\t","protected":false},"excerpt":{"rendered":"<p>Ansvarsfraskrivelse<\/p>\n","protected":false},"author":2,"featured_media":0,"parent":0,"menu_order":0,"comment_status":"closed","ping_status":"closed","template":"","meta":{"content-type":"","footnotes":""},"class_list":["post-29442","page","type-page","status-publish","hentry"],"yoast_head":"<!-- This site is optimized with the Yoast SEO Premium plugin v27.5 (Yoast SEO v27.5) - https:\/\/yoast.com\/product\/yoast-seo-premium-wordpress\/ -->\n<title>Ansvarsfraskrivelse - LEMCO Mobility<\/title>\n<meta name=\"robots\" content=\"noindex, nofollow\" \/>\n<meta property=\"og:locale\" content=\"da_DK\" \/>\n<meta property=\"og:type\" content=\"article\" \/>\n<meta property=\"og:title\" content=\"Ansvarsfraskrivelse\" \/>\n<meta property=\"og:description\" content=\"Ansvarsfraskrivelse\" \/>\n<meta property=\"og:url\" content=\"https:\/\/lemco-mobility.com\/da\/ansvarsfraskrivelse\/\" \/>\n<meta property=\"og:site_name\" content=\"LEMCO Mobility\" \/>\n<meta property=\"article:publisher\" content=\"https:\/\/www.facebook.com\/lemcomobility\" \/>\n<meta property=\"article:modified_time\" content=\"2025-11-05T11:48:46+00:00\" \/>\n<meta property=\"og:image\" content=\"https:\/\/lemco-mobility.com\/wp-content\/uploads\/2023\/03\/exercisers-for-wheelchair.webp\" \/>\n\t<meta property=\"og:image:width\" content=\"2000\" \/>\n\t<meta property=\"og:image:height\" content=\"576\" \/>\n\t<meta property=\"og:image:type\" content=\"image\/webp\" \/>\n<meta name=\"twitter:card\" content=\"summary_large_image\" \/>\n<script type=\"application\/ld+json\" class=\"yoast-schema-graph\">{\"@context\":\"https:\\\/\\\/schema.org\",\"@graph\":[{\"@type\":\"WebPage\",\"@id\":\"https:\\\/\\\/lemco-mobility.com\\\/da\\\/ansvarsfraskrivelse\\\/\",\"url\":\"https:\\\/\\\/lemco-mobility.com\\\/da\\\/ansvarsfraskrivelse\\\/\",\"name\":\"Ansvarsfraskrivelse - LEMCO Mobility\",\"isPartOf\":{\"@id\":\"https:\\\/\\\/lemco-mobility.com\\\/da\\\/#website\"},\"datePublished\":\"2024-02-29T10:35:45+00:00\",\"dateModified\":\"2025-11-05T11:48:46+00:00\",\"breadcrumb\":{\"@id\":\"https:\\\/\\\/lemco-mobility.com\\\/da\\\/ansvarsfraskrivelse\\\/#breadcrumb\"},\"inLanguage\":\"da-DK\",\"potentialAction\":[{\"@type\":\"ReadAction\",\"target\":[\"https:\\\/\\\/lemco-mobility.com\\\/da\\\/ansvarsfraskrivelse\\\/\"]}]},{\"@type\":\"BreadcrumbList\",\"@id\":\"https:\\\/\\\/lemco-mobility.com\\\/da\\\/ansvarsfraskrivelse\\\/#breadcrumb\",\"itemListElement\":[{\"@type\":\"ListItem\",\"position\":1,\"name\":\"Home\",\"item\":\"https:\\\/\\\/lemco-mobility.com\\\/da\\\/traeningscykler-til-koerestol-stol-bedbikes-til-hospitalssenge\\\/\"},{\"@type\":\"ListItem\",\"position\":2,\"name\":\"Ansvarsfraskrivelse\"}]},{\"@type\":\"WebSite\",\"@id\":\"https:\\\/\\\/lemco-mobility.com\\\/da\\\/#website\",\"url\":\"https:\\\/\\\/lemco-mobility.com\\\/da\\\/\",\"name\":\"LEMCO Mobility\",\"description\":\"Exercisers for Wheelchair and Chair &amp; BedBikes for Hospital beds\",\"publisher\":{\"@id\":\"https:\\\/\\\/lemco-mobility.com\\\/da\\\/#organization\"},\"alternateName\":\"We increase Personal Mobility\",\"potentialAction\":[{\"@type\":\"SearchAction\",\"target\":{\"@type\":\"EntryPoint\",\"urlTemplate\":\"https:\\\/\\\/lemco-mobility.com\\\/da\\\/?s={search_term_string}\"},\"query-input\":{\"@type\":\"PropertyValueSpecification\",\"valueRequired\":true,\"valueName\":\"search_term_string\"}}],\"inLanguage\":\"da-DK\"},{\"@type\":\"Organization\",\"@id\":\"https:\\\/\\\/lemco-mobility.com\\\/da\\\/#organization\",\"name\":\"Lemco mobilitet\",\"url\":\"https:\\\/\\\/lemco-mobility.com\\\/da\\\/\",\"logo\":{\"@type\":\"ImageObject\",\"inLanguage\":\"da-DK\",\"@id\":\"https:\\\/\\\/lemco-mobility.com\\\/da\\\/#\\\/schema\\\/logo\\\/image\\\/\",\"url\":\"https:\\\/\\\/lemco-mobility.com\\\/wp-content\\\/uploads\\\/2021\\\/12\\\/Lemco_Logo_RGB_AlmostBlack.webp\",\"contentUrl\":\"https:\\\/\\\/lemco-mobility.com\\\/wp-content\\\/uploads\\\/2021\\\/12\\\/Lemco_Logo_RGB_AlmostBlack.webp\",\"width\":250,\"height\":36,\"caption\":\"Lemco mobilitet\"},\"image\":{\"@id\":\"https:\\\/\\\/lemco-mobility.com\\\/da\\\/#\\\/schema\\\/logo\\\/image\\\/\"},\"sameAs\":[\"https:\\\/\\\/www.facebook.com\\\/lemcomobility\",\"https:\\\/\\\/m.youtube.com\\\/channel\\\/UClAacR9HmcdIoue_NQtX2Ng\"]}]}<\/script>\n<!-- \/ Yoast SEO Premium plugin. -->","yoast_head_json":{"title":"Ansvarsfraskrivelse - LEMCO Mobility","robots":{"index":"noindex","follow":"nofollow"},"og_locale":"da_DK","og_type":"article","og_title":"Ansvarsfraskrivelse","og_description":"Ansvarsfraskrivelse","og_url":"https:\/\/lemco-mobility.com\/da\/ansvarsfraskrivelse\/","og_site_name":"LEMCO Mobility","article_publisher":"https:\/\/www.facebook.com\/lemcomobility","article_modified_time":"2025-11-05T11:48:46+00:00","og_image":[{"width":2000,"height":576,"url":"https:\/\/lemco-mobility.com\/wp-content\/uploads\/2023\/03\/exercisers-for-wheelchair.webp","type":"image\/webp"}],"twitter_card":"summary_large_image","schema":{"@context":"https:\/\/schema.org","@graph":[{"@type":"WebPage","@id":"https:\/\/lemco-mobility.com\/da\/ansvarsfraskrivelse\/","url":"https:\/\/lemco-mobility.com\/da\/ansvarsfraskrivelse\/","name":"Ansvarsfraskrivelse - LEMCO Mobility","isPartOf":{"@id":"https:\/\/lemco-mobility.com\/da\/#website"},"datePublished":"2024-02-29T10:35:45+00:00","dateModified":"2025-11-05T11:48:46+00:00","breadcrumb":{"@id":"https:\/\/lemco-mobility.com\/da\/ansvarsfraskrivelse\/#breadcrumb"},"inLanguage":"da-DK","potentialAction":[{"@type":"ReadAction","target":["https:\/\/lemco-mobility.com\/da\/ansvarsfraskrivelse\/"]}]},{"@type":"BreadcrumbList","@id":"https:\/\/lemco-mobility.com\/da\/ansvarsfraskrivelse\/#breadcrumb","itemListElement":[{"@type":"ListItem","position":1,"name":"Home","item":"https:\/\/lemco-mobility.com\/da\/traeningscykler-til-koerestol-stol-bedbikes-til-hospitalssenge\/"},{"@type":"ListItem","position":2,"name":"Ansvarsfraskrivelse"}]},{"@type":"WebSite","@id":"https:\/\/lemco-mobility.com\/da\/#website","url":"https:\/\/lemco-mobility.com\/da\/","name":"LEMCO Mobility","description":"Exercisers for Wheelchair and Chair &amp; BedBikes for Hospital beds","publisher":{"@id":"https:\/\/lemco-mobility.com\/da\/#organization"},"alternateName":"We increase Personal Mobility","potentialAction":[{"@type":"SearchAction","target":{"@type":"EntryPoint","urlTemplate":"https:\/\/lemco-mobility.com\/da\/?s={search_term_string}"},"query-input":{"@type":"PropertyValueSpecification","valueRequired":true,"valueName":"search_term_string"}}],"inLanguage":"da-DK"},{"@type":"Organization","@id":"https:\/\/lemco-mobility.com\/da\/#organization","name":"Lemco mobilitet","url":"https:\/\/lemco-mobility.com\/da\/","logo":{"@type":"ImageObject","inLanguage":"da-DK","@id":"https:\/\/lemco-mobility.com\/da\/#\/schema\/logo\/image\/","url":"https:\/\/lemco-mobility.com\/wp-content\/uploads\/2021\/12\/Lemco_Logo_RGB_AlmostBlack.webp","contentUrl":"https:\/\/lemco-mobility.com\/wp-content\/uploads\/2021\/12\/Lemco_Logo_RGB_AlmostBlack.webp","width":250,"height":36,"caption":"Lemco mobilitet"},"image":{"@id":"https:\/\/lemco-mobility.com\/da\/#\/schema\/logo\/image\/"},"sameAs":["https:\/\/www.facebook.com\/lemcomobility","https:\/\/m.youtube.com\/channel\/UClAacR9HmcdIoue_NQtX2Ng"]}]}},"_links":{"self":[{"href":"https:\/\/lemco-mobility.com\/da\/wp-json\/wp\/v2\/pages\/29442","targetHints":{"allow":["GET"]}}],"collection":[{"href":"https:\/\/lemco-mobility.com\/da\/wp-json\/wp\/v2\/pages"}],"about":[{"href":"https:\/\/lemco-mobility.com\/da\/wp-json\/wp\/v2\/types\/page"}],"author":[{"embeddable":true,"href":"https:\/\/lemco-mobility.com\/da\/wp-json\/wp\/v2\/users\/2"}],"replies":[{"embeddable":true,"href":"https:\/\/lemco-mobility.com\/da\/wp-json\/wp\/v2\/comments?post=29442"}],"version-history":[{"count":1,"href":"https:\/\/lemco-mobility.com\/da\/wp-json\/wp\/v2\/pages\/29442\/revisions"}],"predecessor-version":[{"id":29444,"href":"https:\/\/lemco-mobility.com\/da\/wp-json\/wp\/v2\/pages\/29442\/revisions\/29444"}],"wp:attachment":[{"href":"https:\/\/lemco-mobility.com\/da\/wp-json\/wp\/v2\/media?parent=29442"}],"curies":[{"name":"wp","href":"https:\/\/api.w.org\/{rel}","templated":true}]}}