{"id":29483,"date":"2022-12-02T12:03:45","date_gmt":"2022-12-02T12:03:45","guid":{"rendered":"https:\/\/lemco-mobility.com\/hemiplegi\/"},"modified":"2025-12-16T10:24:07","modified_gmt":"2025-12-16T10:24:07","slug":"hemiplegi","status":"publish","type":"page","link":"https:\/\/lemco-mobility.com\/da\/hemiplegi\/","title":{"rendered":"Hemiplegi"},"content":{"rendered":"\t\t<div data-elementor-type=\"wp-page\" data-elementor-id=\"29483\" class=\"elementor elementor-29483 elementor-16523\" data-elementor-post-type=\"page\">\n\t\t\t\t\t\t<section class=\"wd-negative-gap elementor-section elementor-top-section elementor-element elementor-element-3a103f5a elementor-section-height-min-height elementor-section-items-stretch elementor-section-full_width wd-section-stretch elementor-section-height-default\" data-id=\"3a103f5a\" data-element_type=\"section\" data-e-type=\"section\" data-settings=\"{&quot;background_background&quot;:&quot;video&quot;,&quot;background_video_start&quot;:0,&quot;background_video_end&quot;:60,&quot;shape_divider_bottom&quot;:&quot;curve&quot;,&quot;shape_divider_bottom_negative&quot;:&quot;yes&quot;,&quot;background_video_link&quot;:&quot;https:\\\/\\\/www.youtube.com\\\/watch?v=b5VwdRcybgM&quot;}\">\n\t\t\t\t\t\t\t\t<div class=\"elementor-background-video-container elementor-hidden-mobile\">\n\t\t\t\t\t\t\t\t\t\t\t\t\t<div class=\"elementor-background-video-embed\" role=\"presentation\"><\/div>\n\t\t\t\t\t\t\t\t\t\t\t\t<\/div>\n\t\t\t\t\t\t\t<div class=\"elementor-shape elementor-shape-bottom\" aria-hidden=\"true\" data-negative=\"true\">\n\t\t\t<svg xmlns=\"http:\/\/www.w3.org\/2000\/svg\" viewBox=\"0 0 1000 100\" preserveAspectRatio=\"none\">\n\t<path class=\"elementor-shape-fill\" d=\"M500,97C126.7,96.3,0.8,19.8,0,0v100l1000,0V1C1000,19.4,873.3,97.8,500,97z\"\/>\n<\/svg>\t\t<\/div>\n\t\t\t\t\t<div class=\"elementor-container elementor-column-gap-custom\">\n\t\t\t\t\t<div class=\"elementor-column elementor-col-50 elementor-top-column elementor-element elementor-element-727283d\" data-id=\"727283d\" data-element_type=\"column\" data-e-type=\"column\">\n\t\t\t<div class=\"elementor-widget-wrap elementor-element-populated\">\n\t\t\t\t\t\t<div class=\"elementor-element elementor-element-1339952 elementor-widget elementor-widget-spacer\" data-id=\"1339952\" data-element_type=\"widget\" data-e-type=\"widget\" data-widget_type=\"spacer.default\">\n\t\t\t\t<div class=\"elementor-widget-container\">\n\t\t\t\t\t\t\t<div class=\"elementor-spacer\">\n\t\t\t<div class=\"elementor-spacer-inner\"><\/div>\n\t\t<\/div>\n\t\t\t\t\t\t<\/div>\n\t\t\t\t<\/div>\n\t\t\t\t\t<\/div>\n\t\t<\/div>\n\t\t\t\t<div class=\"elementor-column elementor-col-50 elementor-top-column elementor-element elementor-element-47c09cce\" data-id=\"47c09cce\" data-element_type=\"column\" data-e-type=\"column\">\n\t\t\t<div class=\"elementor-widget-wrap elementor-element-populated\">\n\t\t\t\t\t\t<div class=\"elementor-element elementor-element-33a2bc33 elementor-widget elementor-widget-spacer\" data-id=\"33a2bc33\" data-element_type=\"widget\" data-e-type=\"widget\" data-widget_type=\"spacer.default\">\n\t\t\t\t<div class=\"elementor-widget-container\">\n\t\t\t\t\t\t\t<div class=\"elementor-spacer\">\n\t\t\t<div class=\"elementor-spacer-inner\"><\/div>\n\t\t<\/div>\n\t\t\t\t\t\t<\/div>\n\t\t\t\t<\/div>\n\t\t\t\t\t<\/div>\n\t\t<\/div>\n\t\t\t\t\t<\/div>\n\t\t<\/section>\n\t\t\t\t<section class=\"elementor-section elementor-top-section elementor-element elementor-element-68d652bf wd-section-stretch elementor-section-boxed elementor-section-height-default elementor-section-height-default\" data-id=\"68d652bf\" data-element_type=\"section\" data-e-type=\"section\" data-settings=\"{&quot;background_background&quot;:&quot;gradient&quot;,&quot;shape_divider_bottom&quot;:&quot;curve&quot;,&quot;shape_divider_bottom_negative&quot;:&quot;yes&quot;}\">\n\t\t\t\t\t<div class=\"elementor-shape elementor-shape-bottom\" aria-hidden=\"true\" data-negative=\"true\">\n\t\t\t<svg xmlns=\"http:\/\/www.w3.org\/2000\/svg\" viewBox=\"0 0 1000 100\" preserveAspectRatio=\"none\">\n\t<path class=\"elementor-shape-fill\" d=\"M500,97C126.7,96.3,0.8,19.8,0,0v100l1000,0V1C1000,19.4,873.3,97.8,500,97z\"\/>\n<\/svg>\t\t<\/div>\n\t\t\t\t\t<div class=\"elementor-container elementor-column-gap-default\">\n\t\t\t\t\t<div class=\"elementor-column elementor-col-100 elementor-top-column elementor-element elementor-element-4153ccc\" data-id=\"4153ccc\" data-element_type=\"column\" data-e-type=\"column\">\n\t\t\t<div class=\"elementor-widget-wrap elementor-element-populated\">\n\t\t\t\t\t\t<div class=\"elementor-element elementor-element-59452a0b elementor-widget elementor-widget-heading\" data-id=\"59452a0b\" data-element_type=\"widget\" data-e-type=\"widget\" data-widget_type=\"heading.default\">\n\t\t\t\t<div class=\"elementor-widget-container\">\n\t\t\t\t\t<h1 class=\"elementor-heading-title elementor-size-default\"> Hemiplegi<\/h1>\t\t\t\t<\/div>\n\t\t\t\t<\/div>\n\t\t\t\t<div class=\"elementor-element elementor-element-560ef519 elementor-widget elementor-widget-heading\" data-id=\"560ef519\" data-element_type=\"widget\" data-e-type=\"widget\" data-widget_type=\"heading.default\">\n\t\t\t\t<div class=\"elementor-widget-container\">\n\t\t\t\t\t<h3 class=\"elementor-heading-title elementor-size-default\">Cases fra hemiplegipatienter under tr\u00e6ning<\/h3>\t\t\t\t<\/div>\n\t\t\t\t<\/div>\n\t\t\t\t<div class=\"elementor-element elementor-element-63f5a4df elementor-widget-divider--view-line elementor-widget elementor-widget-divider\" data-id=\"63f5a4df\" data-element_type=\"widget\" data-e-type=\"widget\" data-widget_type=\"divider.default\">\n\t\t\t\t<div class=\"elementor-widget-container\">\n\t\t\t\t\t\t\t<div class=\"elementor-divider\">\n\t\t\t<span class=\"elementor-divider-separator\">\n\t\t\t\t\t\t<\/span>\n\t\t<\/div>\n\t\t\t\t\t\t<\/div>\n\t\t\t\t<\/div>\n\t\t\t\t<div class=\"elementor-element elementor-element-04495f6 elementor-grid-4 elementor-posts--align-left elementor-grid-tablet-2 elementor-grid-mobile-1 elementor-posts--thumbnail-top elementor-card-shadow-yes elementor-posts__hover-gradient elementor-widget elementor-widget-posts\" data-id=\"04495f6\" data-element_type=\"widget\" data-e-type=\"widget\" data-settings=\"{&quot;cards_columns&quot;:&quot;4&quot;,&quot;cards_row_gap&quot;:{&quot;unit&quot;:&quot;px&quot;,&quot;size&quot;:15,&quot;sizes&quot;:[]},&quot;cards_columns_tablet&quot;:&quot;2&quot;,&quot;cards_columns_mobile&quot;:&quot;1&quot;,&quot;cards_row_gap_tablet&quot;:{&quot;unit&quot;:&quot;px&quot;,&quot;size&quot;:&quot;&quot;,&quot;sizes&quot;:[]},&quot;cards_row_gap_mobile&quot;:{&quot;unit&quot;:&quot;px&quot;,&quot;size&quot;:&quot;&quot;,&quot;sizes&quot;:[]}}\" data-widget_type=\"posts.cards\">\n\t\t\t\t<div class=\"elementor-widget-container\">\n\t\t\t\t\t\t\t<div class=\"elementor-posts-container elementor-posts elementor-posts--skin-cards elementor-grid\" role=\"list\">\n\t\t\t\t<article class=\"elementor-post elementor-grid-item post-29160 post type-post status-publish format-standard has-post-thumbnail hentry category-hemiplegi category-hjemmebrug category-stroke category-sygdomme-skader\" role=\"listitem\">\n\t\t\t<div class=\"elementor-post__card\">\n\t\t\t\t<a class=\"elementor-post__thumbnail__link\" href=\"https:\/\/lemco-mobility.com\/da\/combi-bike-plus-gav-resultater-paa-kun-ni-dage\/\" tabindex=\"-1\" ><div class=\"elementor-post__thumbnail\"><img decoding=\"async\" width=\"300\" height=\"295\" src=\"https:\/\/lemco-mobility.com\/wp-content\/uploads\/2022\/10\/stroke-wheelchair-thumbnail-300x295.jpg\" class=\"attachment-medium size-medium wp-image-29161\" alt=\"Combi Bike Plus exerciser home use after Stroke\" srcset=\"https:\/\/lemco-mobility.com\/wp-content\/uploads\/2022\/10\/stroke-wheelchair-thumbnail-300x295.jpg 300w, https:\/\/lemco-mobility.com\/wp-content\/uploads\/2022\/10\/stroke-wheelchair-thumbnail-600x591.jpg 600w, https:\/\/lemco-mobility.com\/wp-content\/uploads\/2022\/10\/stroke-wheelchair-thumbnail-150x148.jpg 150w, https:\/\/lemco-mobility.com\/wp-content\/uploads\/2022\/10\/stroke-wheelchair-thumbnail-1024x1008.jpg 1024w, https:\/\/lemco-mobility.com\/wp-content\/uploads\/2022\/10\/stroke-wheelchair-thumbnail-768x756.jpg 768w, https:\/\/lemco-mobility.com\/wp-content\/uploads\/2022\/10\/stroke-wheelchair-thumbnail.jpg 1122w\" sizes=\"(max-width: 300px) 100vw, 300px\" \/><\/div><\/a>\n\t\t\t\t<div class=\"elementor-post__text\">\n\t\t\t\t<h3 class=\"elementor-post__title\">\n\t\t\t<a href=\"https:\/\/lemco-mobility.com\/da\/combi-bike-plus-gav-resultater-paa-kun-ni-dage\/\" >\n\t\t\t\tCombi Bike Plus gav resultater p\u00e5 kun ni dage\t\t\t<\/a>\n\t\t<\/h3>\n\t\t\t\t<div class=\"elementor-post__excerpt\">\n\t\t\t<p>Kirsten Houmann blev lammet p\u00e5 venstre side p\u00e5 grund af stroke. Men tr\u00e6ning med en Combi Bike Plus fra Lemco Mobility, som er designet til stroke terapi, har forbedret hendes gang og elimineret de ulidelige smerter i hendes venstre skulder. <\/p>\n\t\t<\/div>\n\t\t\t\t\t<div class=\"elementor-post__read-more-wrapper\">\n\t\t\n\t\t<a class=\"elementor-post__read-more\" href=\"https:\/\/lemco-mobility.com\/da\/combi-bike-plus-gav-resultater-paa-kun-ni-dage\/\" aria-label=\"Read more about Combi Bike Plus gav resultater p\u00e5 kun ni dage\" tabindex=\"-1\" >\n\t\t\tForts\u00e6t l\u00e6sning...\t\t<\/a>\n\n\t\t\t\t\t<\/div>\n\t\t\t\t<\/div>\n\t\t\t\t\t<\/div>\n\t\t<\/article>\n\t\t\t\t<article class=\"elementor-post elementor-grid-item post-29355 post type-post status-publish format-standard has-post-thumbnail hentry category-hemiplegi category-stroke\" role=\"listitem\">\n\t\t\t<div class=\"elementor-post__card\">\n\t\t\t\t<a class=\"elementor-post__thumbnail__link\" href=\"https:\/\/lemco-mobility.com\/da\/72-aarig-hemiplegiker\/\" tabindex=\"-1\" ><div class=\"elementor-post__thumbnail\"><img decoding=\"async\" width=\"300\" height=\"169\" src=\"https:\/\/lemco-mobility.com\/wp-content\/uploads\/2022\/04\/Elderly-hemiplegic-exercise-combi-bike-plus-pedal-exerciser-300x169.webp\" class=\"attachment-medium size-medium wp-image-29356\" alt=\"\u00c6ldre hemiplegiker tr\u00e6ning med Combi Bike Plus pedaltr\u00e6ningscykel\" srcset=\"https:\/\/lemco-mobility.com\/wp-content\/uploads\/2022\/04\/Elderly-hemiplegic-exercise-combi-bike-plus-pedal-exerciser-300x169.webp 300w, https:\/\/lemco-mobility.com\/wp-content\/uploads\/2022\/04\/Elderly-hemiplegic-exercise-combi-bike-plus-pedal-exerciser-150x84.webp 150w, https:\/\/lemco-mobility.com\/wp-content\/uploads\/2022\/04\/Elderly-hemiplegic-exercise-combi-bike-plus-pedal-exerciser.webp 500w\" sizes=\"(max-width: 300px) 100vw, 300px\" \/><\/div><\/a>\n\t\t\t\t<div class=\"elementor-post__text\">\n\t\t\t\t<h3 class=\"elementor-post__title\">\n\t\t\t<a href=\"https:\/\/lemco-mobility.com\/da\/72-aarig-hemiplegiker\/\" >\n\t\t\t\t72-\u00e5rig hemiplegiker\t\t\t<\/a>\n\t\t<\/h3>\n\t\t\t\t<div class=\"elementor-post__excerpt\">\n\t\t\t<p>Som 72-\u00e5rig fik jeg et slagtilf\u00e6lde. P\u00e5 hospitalet fik jeg akut behandling, og de stabiliserede mig. Jeg tilbragte 2 m\u00e5neder i rehabilitering, men da jeg kom hjem, fik jeg kun 2 x 30 minutters tr\u00e6ning \u2013 om ugen! <\/p>\n\t\t<\/div>\n\t\t\t\t\t<div class=\"elementor-post__read-more-wrapper\">\n\t\t\n\t\t<a class=\"elementor-post__read-more\" href=\"https:\/\/lemco-mobility.com\/da\/72-aarig-hemiplegiker\/\" aria-label=\"Read more about 72-\u00e5rig hemiplegiker\" tabindex=\"-1\" >\n\t\t\tForts\u00e6t l\u00e6sning...\t\t<\/a>\n\n\t\t\t\t\t<\/div>\n\t\t\t\t<\/div>\n\t\t\t\t\t<\/div>\n\t\t<\/article>\n\t\t\t\t<\/div>\n\t\t\n\t\t\t\t\t\t<\/div>\n\t\t\t\t<\/div>\n\t\t\t\t\t<\/div>\n\t\t<\/div>\n\t\t\t\t\t<\/div>\n\t\t<\/section>\n\t\t\t\t<\/div>\n\t\t","protected":false},"excerpt":{"rendered":"<p>Hemiplegi Cases fra hemiplegipatienter under tr\u00e6ning<\/p>\n","protected":false},"author":3,"featured_media":0,"parent":0,"menu_order":0,"comment_status":"closed","ping_status":"closed","template":"","meta":{"content-type":"","footnotes":""},"class_list":["post-29483","page","type-page","status-publish","hentry"],"yoast_head":"<!-- This site is optimized with the Yoast SEO Premium plugin v27.4 (Yoast SEO v27.4) - https:\/\/yoast.com\/product\/yoast-seo-premium-wordpress\/ -->\n<title>Hemiplegi - LEMCO Mobility<\/title>\n<meta name=\"description\" content=\"Tilf\u00e6lde fra vores brugere med hemiplegi. Familiens og brugernes erfaringer med vores tr\u00e6ningsudstyr i plejen.\" \/>\n<meta name=\"robots\" content=\"index, follow, max-snippet:-1, max-image-preview:large, max-video-preview:-1\" \/>\n<link rel=\"canonical\" href=\"https:\/\/lemco-mobility.com\/da\/hemiplegi\/\" \/>\n<meta property=\"og:locale\" content=\"da_DK\" \/>\n<meta property=\"og:type\" content=\"article\" \/>\n<meta property=\"og:title\" content=\"Hemiplegi\" \/>\n<meta property=\"og:description\" content=\"Tilf\u00e6lde fra vores brugere med hemiplegi. Familiens og brugernes erfaringer med vores tr\u00e6ningsudstyr i plejen.\" \/>\n<meta property=\"og:url\" content=\"https:\/\/lemco-mobility.com\/da\/hemiplegi\/\" \/>\n<meta property=\"og:site_name\" content=\"LEMCO Mobility\" \/>\n<meta property=\"article:publisher\" content=\"https:\/\/www.facebook.com\/lemcomobility\" \/>\n<meta property=\"article:modified_time\" content=\"2025-12-16T10:24:07+00:00\" \/>\n<meta property=\"og:image\" content=\"https:\/\/lemco-mobility.com\/wp-content\/uploads\/2023\/03\/exercisers-for-wheelchair.webp\" \/>\n\t<meta property=\"og:image:width\" content=\"2000\" \/>\n\t<meta property=\"og:image:height\" content=\"576\" \/>\n\t<meta property=\"og:image:type\" content=\"image\/webp\" \/>\n<meta name=\"twitter:card\" content=\"summary_large_image\" \/>\n<meta name=\"twitter:label1\" content=\"Estimeret l\u00e6setid\" \/>\n\t<meta name=\"twitter:data1\" content=\"1 minut\" \/>\n<script type=\"application\/ld+json\" class=\"yoast-schema-graph\">{\"@context\":\"https:\\\/\\\/schema.org\",\"@graph\":[{\"@type\":\"WebPage\",\"@id\":\"https:\\\/\\\/lemco-mobility.com\\\/da\\\/hemiplegi\\\/\",\"url\":\"https:\\\/\\\/lemco-mobility.com\\\/da\\\/hemiplegi\\\/\",\"name\":\"Hemiplegi - LEMCO Mobility\",\"isPartOf\":{\"@id\":\"https:\\\/\\\/lemco-mobility.com\\\/da\\\/#website\"},\"datePublished\":\"2022-12-02T12:03:45+00:00\",\"dateModified\":\"2025-12-16T10:24:07+00:00\",\"description\":\"Tilf\u00e6lde fra vores brugere med hemiplegi. Familiens og brugernes erfaringer med vores tr\u00e6ningsudstyr i plejen.\",\"breadcrumb\":{\"@id\":\"https:\\\/\\\/lemco-mobility.com\\\/da\\\/hemiplegi\\\/#breadcrumb\"},\"inLanguage\":\"da-DK\",\"potentialAction\":[{\"@type\":\"ReadAction\",\"target\":[\"https:\\\/\\\/lemco-mobility.com\\\/da\\\/hemiplegi\\\/\"]}]},{\"@type\":\"BreadcrumbList\",\"@id\":\"https:\\\/\\\/lemco-mobility.com\\\/da\\\/hemiplegi\\\/#breadcrumb\",\"itemListElement\":[{\"@type\":\"ListItem\",\"position\":1,\"name\":\"Home\",\"item\":\"https:\\\/\\\/lemco-mobility.com\\\/da\\\/traeningscykler-til-koerestol-stol-bedbikes-til-hospitalssenge\\\/\"},{\"@type\":\"ListItem\",\"position\":2,\"name\":\"Hemiplegi\"}]},{\"@type\":\"WebSite\",\"@id\":\"https:\\\/\\\/lemco-mobility.com\\\/da\\\/#website\",\"url\":\"https:\\\/\\\/lemco-mobility.com\\\/da\\\/\",\"name\":\"LEMCO Mobility\",\"description\":\"Exercisers for Wheelchair and Chair &amp; BedBikes for Hospital beds\",\"publisher\":{\"@id\":\"https:\\\/\\\/lemco-mobility.com\\\/da\\\/#organization\"},\"alternateName\":\"We increase Personal Mobility\",\"potentialAction\":[{\"@type\":\"SearchAction\",\"target\":{\"@type\":\"EntryPoint\",\"urlTemplate\":\"https:\\\/\\\/lemco-mobility.com\\\/da\\\/?s={search_term_string}\"},\"query-input\":{\"@type\":\"PropertyValueSpecification\",\"valueRequired\":true,\"valueName\":\"search_term_string\"}}],\"inLanguage\":\"da-DK\"},{\"@type\":\"Organization\",\"@id\":\"https:\\\/\\\/lemco-mobility.com\\\/da\\\/#organization\",\"name\":\"Lemco mobilitet\",\"url\":\"https:\\\/\\\/lemco-mobility.com\\\/da\\\/\",\"logo\":{\"@type\":\"ImageObject\",\"inLanguage\":\"da-DK\",\"@id\":\"https:\\\/\\\/lemco-mobility.com\\\/da\\\/#\\\/schema\\\/logo\\\/image\\\/\",\"url\":\"https:\\\/\\\/lemco-mobility.com\\\/wp-content\\\/uploads\\\/2021\\\/12\\\/Lemco_Logo_RGB_AlmostBlack.webp\",\"contentUrl\":\"https:\\\/\\\/lemco-mobility.com\\\/wp-content\\\/uploads\\\/2021\\\/12\\\/Lemco_Logo_RGB_AlmostBlack.webp\",\"width\":250,\"height\":36,\"caption\":\"Lemco mobilitet\"},\"image\":{\"@id\":\"https:\\\/\\\/lemco-mobility.com\\\/da\\\/#\\\/schema\\\/logo\\\/image\\\/\"},\"sameAs\":[\"https:\\\/\\\/www.facebook.com\\\/lemcomobility\",\"https:\\\/\\\/m.youtube.com\\\/channel\\\/UClAacR9HmcdIoue_NQtX2Ng\"]}]}<\/script>\n<!-- \/ Yoast SEO Premium plugin. -->","yoast_head_json":{"title":"Hemiplegi - LEMCO Mobility","description":"Tilf\u00e6lde fra vores brugere med hemiplegi. Familiens og brugernes erfaringer med vores tr\u00e6ningsudstyr i plejen.","robots":{"index":"index","follow":"follow","max-snippet":"max-snippet:-1","max-image-preview":"max-image-preview:large","max-video-preview":"max-video-preview:-1"},"canonical":"https:\/\/lemco-mobility.com\/da\/hemiplegi\/","og_locale":"da_DK","og_type":"article","og_title":"Hemiplegi","og_description":"Tilf\u00e6lde fra vores brugere med hemiplegi. Familiens og brugernes erfaringer med vores tr\u00e6ningsudstyr i plejen.","og_url":"https:\/\/lemco-mobility.com\/da\/hemiplegi\/","og_site_name":"LEMCO Mobility","article_publisher":"https:\/\/www.facebook.com\/lemcomobility","article_modified_time":"2025-12-16T10:24:07+00:00","og_image":[{"width":2000,"height":576,"url":"https:\/\/lemco-mobility.com\/wp-content\/uploads\/2023\/03\/exercisers-for-wheelchair.webp","type":"image\/webp"}],"twitter_card":"summary_large_image","twitter_misc":{"Estimeret l\u00e6setid":"1 minut"},"schema":{"@context":"https:\/\/schema.org","@graph":[{"@type":"WebPage","@id":"https:\/\/lemco-mobility.com\/da\/hemiplegi\/","url":"https:\/\/lemco-mobility.com\/da\/hemiplegi\/","name":"Hemiplegi - LEMCO Mobility","isPartOf":{"@id":"https:\/\/lemco-mobility.com\/da\/#website"},"datePublished":"2022-12-02T12:03:45+00:00","dateModified":"2025-12-16T10:24:07+00:00","description":"Tilf\u00e6lde fra vores brugere med hemiplegi. Familiens og brugernes erfaringer med vores tr\u00e6ningsudstyr i plejen.","breadcrumb":{"@id":"https:\/\/lemco-mobility.com\/da\/hemiplegi\/#breadcrumb"},"inLanguage":"da-DK","potentialAction":[{"@type":"ReadAction","target":["https:\/\/lemco-mobility.com\/da\/hemiplegi\/"]}]},{"@type":"BreadcrumbList","@id":"https:\/\/lemco-mobility.com\/da\/hemiplegi\/#breadcrumb","itemListElement":[{"@type":"ListItem","position":1,"name":"Home","item":"https:\/\/lemco-mobility.com\/da\/traeningscykler-til-koerestol-stol-bedbikes-til-hospitalssenge\/"},{"@type":"ListItem","position":2,"name":"Hemiplegi"}]},{"@type":"WebSite","@id":"https:\/\/lemco-mobility.com\/da\/#website","url":"https:\/\/lemco-mobility.com\/da\/","name":"LEMCO Mobility","description":"Exercisers for Wheelchair and Chair &amp; BedBikes for Hospital beds","publisher":{"@id":"https:\/\/lemco-mobility.com\/da\/#organization"},"alternateName":"We increase Personal Mobility","potentialAction":[{"@type":"SearchAction","target":{"@type":"EntryPoint","urlTemplate":"https:\/\/lemco-mobility.com\/da\/?s={search_term_string}"},"query-input":{"@type":"PropertyValueSpecification","valueRequired":true,"valueName":"search_term_string"}}],"inLanguage":"da-DK"},{"@type":"Organization","@id":"https:\/\/lemco-mobility.com\/da\/#organization","name":"Lemco mobilitet","url":"https:\/\/lemco-mobility.com\/da\/","logo":{"@type":"ImageObject","inLanguage":"da-DK","@id":"https:\/\/lemco-mobility.com\/da\/#\/schema\/logo\/image\/","url":"https:\/\/lemco-mobility.com\/wp-content\/uploads\/2021\/12\/Lemco_Logo_RGB_AlmostBlack.webp","contentUrl":"https:\/\/lemco-mobility.com\/wp-content\/uploads\/2021\/12\/Lemco_Logo_RGB_AlmostBlack.webp","width":250,"height":36,"caption":"Lemco mobilitet"},"image":{"@id":"https:\/\/lemco-mobility.com\/da\/#\/schema\/logo\/image\/"},"sameAs":["https:\/\/www.facebook.com\/lemcomobility","https:\/\/m.youtube.com\/channel\/UClAacR9HmcdIoue_NQtX2Ng"]}]}},"_links":{"self":[{"href":"https:\/\/lemco-mobility.com\/da\/wp-json\/wp\/v2\/pages\/29483","targetHints":{"allow":["GET"]}}],"collection":[{"href":"https:\/\/lemco-mobility.com\/da\/wp-json\/wp\/v2\/pages"}],"about":[{"href":"https:\/\/lemco-mobility.com\/da\/wp-json\/wp\/v2\/types\/page"}],"author":[{"embeddable":true,"href":"https:\/\/lemco-mobility.com\/da\/wp-json\/wp\/v2\/users\/3"}],"replies":[{"embeddable":true,"href":"https:\/\/lemco-mobility.com\/da\/wp-json\/wp\/v2\/comments?post=29483"}],"version-history":[{"count":3,"href":"https:\/\/lemco-mobility.com\/da\/wp-json\/wp\/v2\/pages\/29483\/revisions"}],"predecessor-version":[{"id":30214,"href":"https:\/\/lemco-mobility.com\/da\/wp-json\/wp\/v2\/pages\/29483\/revisions\/30214"}],"wp:attachment":[{"href":"https:\/\/lemco-mobility.com\/da\/wp-json\/wp\/v2\/media?parent=29483"}],"curies":[{"name":"wp","href":"https:\/\/api.w.org\/{rel}","templated":true}]}}