{"id":29576,"date":"2022-02-17T14:36:46","date_gmt":"2022-02-17T14:36:46","guid":{"rendered":"https:\/\/lemco-mobility.com\/traeningscykel-til-brug-i-neurorehabilitering\/"},"modified":"2025-11-05T11:49:47","modified_gmt":"2025-11-05T11:49:47","slug":"traeningscykel-til-brug-i-neurorehabilitering","status":"publish","type":"page","link":"https:\/\/lemco-mobility.com\/da\/traeningscykel-til-brug-i-neurorehabilitering\/","title":{"rendered":"Tr\u00e6ningscykel til brug i neurorehabilitering"},"content":{"rendered":"\t\t<div data-elementor-type=\"wp-page\" data-elementor-id=\"29576\" class=\"elementor elementor-29576 elementor-6533\" data-elementor-post-type=\"page\">\n\t\t\t\t\t\t<section class=\"wd-negative-gap elementor-section elementor-top-section elementor-element elementor-element-29603f10 elementor-section-height-min-height elementor-section-items-stretch elementor-section-full_width wd-section-stretch elementor-section-height-default\" data-id=\"29603f10\" data-element_type=\"section\" data-e-type=\"section\" data-settings=\"{&quot;background_background&quot;:&quot;video&quot;,&quot;background_video_link&quot;:&quot;https:\\\/\\\/www.youtube.com\\\/watch?v=gESyit3BJy4&quot;,&quot;background_video_start&quot;:10,&quot;background_video_end&quot;:60,&quot;shape_divider_bottom&quot;:&quot;curve&quot;,&quot;shape_divider_bottom_negative&quot;:&quot;yes&quot;}\">\n\t\t\t\t\t\t\t\t<div class=\"elementor-background-video-container elementor-hidden-mobile\">\n\t\t\t\t\t\t\t\t\t\t\t\t\t<div class=\"elementor-background-video-embed\" role=\"presentation\"><\/div>\n\t\t\t\t\t\t\t\t\t\t\t\t<\/div>\n\t\t\t\t\t\t\t<div class=\"elementor-shape elementor-shape-bottom\" aria-hidden=\"true\" data-negative=\"true\">\n\t\t\t<svg xmlns=\"http:\/\/www.w3.org\/2000\/svg\" viewBox=\"0 0 1000 100\" preserveAspectRatio=\"none\">\n\t<path class=\"elementor-shape-fill\" d=\"M500,97C126.7,96.3,0.8,19.8,0,0v100l1000,0V1C1000,19.4,873.3,97.8,500,97z\"\/>\n<\/svg>\t\t<\/div>\n\t\t\t\t\t<div class=\"elementor-container elementor-column-gap-custom\">\n\t\t\t\t\t<div class=\"elementor-column elementor-col-100 elementor-top-column elementor-element elementor-element-66693e35\" data-id=\"66693e35\" data-element_type=\"column\" data-e-type=\"column\">\n\t\t\t<div class=\"elementor-widget-wrap\">\n\t\t\t\t\t\t\t<\/div>\n\t\t<\/div>\n\t\t\t\t\t<\/div>\n\t\t<\/section>\n\t\t\t\t<section class=\"elementor-section elementor-top-section elementor-element elementor-element-68d652bf wd-section-stretch elementor-section-boxed elementor-section-height-default elementor-section-height-default\" data-id=\"68d652bf\" data-element_type=\"section\" data-e-type=\"section\" data-settings=\"{&quot;background_background&quot;:&quot;gradient&quot;,&quot;shape_divider_bottom&quot;:&quot;curve&quot;,&quot;shape_divider_bottom_negative&quot;:&quot;yes&quot;}\">\n\t\t\t\t\t<div class=\"elementor-shape elementor-shape-bottom\" aria-hidden=\"true\" data-negative=\"true\">\n\t\t\t<svg xmlns=\"http:\/\/www.w3.org\/2000\/svg\" viewBox=\"0 0 1000 100\" preserveAspectRatio=\"none\">\n\t<path class=\"elementor-shape-fill\" d=\"M500,97C126.7,96.3,0.8,19.8,0,0v100l1000,0V1C1000,19.4,873.3,97.8,500,97z\"\/>\n<\/svg>\t\t<\/div>\n\t\t\t\t\t<div class=\"elementor-container elementor-column-gap-default\">\n\t\t\t\t\t<div class=\"elementor-column elementor-col-100 elementor-top-column elementor-element elementor-element-4153ccc\" data-id=\"4153ccc\" data-element_type=\"column\" data-e-type=\"column\">\n\t\t\t<div class=\"elementor-widget-wrap elementor-element-populated\">\n\t\t\t\t\t\t<div class=\"elementor-element elementor-element-59452a0b elementor-widget elementor-widget-heading\" data-id=\"59452a0b\" data-element_type=\"widget\" data-e-type=\"widget\" data-widget_type=\"heading.default\">\n\t\t\t\t<div class=\"elementor-widget-container\">\n\t\t\t\t\t<h1 class=\"elementor-heading-title elementor-size-default\">Rehabilitering<\/h1>\t\t\t\t<\/div>\n\t\t\t\t<\/div>\n\t\t\t\t<div class=\"elementor-element elementor-element-560ef519 elementor-widget elementor-widget-heading\" data-id=\"560ef519\" data-element_type=\"widget\" data-e-type=\"widget\" data-widget_type=\"heading.default\">\n\t\t\t\t<div class=\"elementor-widget-container\">\n\t\t\t\t\t<h2 class=\"elementor-heading-title elementor-size-default\">Anvendes af hundredvis af rehabiliteringscentre verden over<\/h2>\t\t\t\t<\/div>\n\t\t\t\t<\/div>\n\t\t\t\t<div class=\"elementor-element elementor-element-63f5a4df elementor-widget-divider--view-line elementor-widget elementor-widget-divider\" data-id=\"63f5a4df\" data-element_type=\"widget\" data-e-type=\"widget\" data-widget_type=\"divider.default\">\n\t\t\t\t<div class=\"elementor-widget-container\">\n\t\t\t\t\t\t\t<div class=\"elementor-divider\">\n\t\t\t<span class=\"elementor-divider-separator\">\n\t\t\t\t\t\t<\/span>\n\t\t<\/div>\n\t\t\t\t\t\t<\/div>\n\t\t\t\t<\/div>\n\t\t\t\t<div class=\"elementor-element elementor-element-637daf9b color-scheme-inherit text-left elementor-widget elementor-widget-text-editor\" data-id=\"637daf9b\" data-element_type=\"widget\" data-e-type=\"widget\" data-widget_type=\"text-editor.default\">\n\t\t\t\t<div class=\"elementor-widget-container\">\n\t\t\t\t\t\t\t\t\t<p>Vores tr\u00e6ningsudstyr bruges i store m\u00e6ngder p\u00e5 genoptr\u00e6ningscentre over hele verden. <\/p><p>Udforsk nogle af de mange succeshistorier fra vores brugere inden for rehabilitering.<\/p>\t\t\t\t\t\t\t\t<\/div>\n\t\t\t\t<\/div>\n\t\t\t\t\t<\/div>\n\t\t<\/div>\n\t\t\t\t\t<\/div>\n\t\t<\/section>\n\t\t\t\t<\/div>\n\t\t","protected":false},"excerpt":{"rendered":"<p>Rehabilitering Anvendes af hundredvis af rehabiliteringscentre verden over Vores tr\u00e6ningsudstyr bruges i store m\u00e6ngder p\u00e5 genoptr\u00e6ningscentre over hele verden. Udforsk<\/p>\n","protected":false},"author":3,"featured_media":0,"parent":0,"menu_order":0,"comment_status":"closed","ping_status":"closed","template":"","meta":{"content-type":"","footnotes":""},"class_list":["post-29576","page","type-page","status-publish","hentry"],"yoast_head":"<!-- This site is optimized with the Yoast SEO Premium plugin v27.6 (Yoast SEO v27.6) - https:\/\/yoast.com\/product\/yoast-seo-premium-wordpress\/ -->\n<title>Tr\u00e6ningscykel til brug i neurorehabilitering - LEMCO Mobility<\/title>\n<meta name=\"description\" content=\"Verdensklasse tr\u00e6ningscykel til brug i slagtilf\u00e6lde-rehabilitering p\u00e5 rehabiliteringscenter eller i hjemmet eller som supplement til organiseret rehabilitering.\" \/>\n<meta name=\"robots\" content=\"index, follow, max-snippet:-1, max-image-preview:large, max-video-preview:-1\" \/>\n<link rel=\"canonical\" href=\"https:\/\/lemco-mobility.com\/da\/traeningscykel-til-brug-i-neurorehabilitering\/\" \/>\n<meta property=\"og:locale\" content=\"da_DK\" \/>\n<meta property=\"og:type\" content=\"article\" \/>\n<meta property=\"og:title\" content=\"Tr\u00e6ningscykel til brug i neurorehabilitering\" \/>\n<meta property=\"og:description\" content=\"Verdensklasse tr\u00e6ningscykel til brug i slagtilf\u00e6lde-rehabilitering p\u00e5 rehabiliteringscenter eller i hjemmet eller som supplement til organiseret rehabilitering.\" \/>\n<meta property=\"og:url\" content=\"https:\/\/lemco-mobility.com\/da\/traeningscykel-til-brug-i-neurorehabilitering\/\" \/>\n<meta property=\"og:site_name\" content=\"LEMCO Mobility\" \/>\n<meta property=\"article:publisher\" content=\"https:\/\/www.facebook.com\/lemcomobility\" \/>\n<meta property=\"article:modified_time\" content=\"2025-11-05T11:49:47+00:00\" \/>\n<meta property=\"og:image\" content=\"https:\/\/lemco-mobility.com\/wp-content\/uploads\/2023\/03\/exercisers-for-wheelchair.webp\" \/>\n\t<meta property=\"og:image:width\" content=\"2000\" \/>\n\t<meta property=\"og:image:height\" content=\"576\" \/>\n\t<meta property=\"og:image:type\" content=\"image\/webp\" \/>\n<meta name=\"twitter:card\" content=\"summary_large_image\" \/>\n<script type=\"application\/ld+json\" class=\"yoast-schema-graph\">{\"@context\":\"https:\\\/\\\/schema.org\",\"@graph\":[{\"@type\":\"WebPage\",\"@id\":\"https:\\\/\\\/lemco-mobility.com\\\/da\\\/traeningscykel-til-brug-i-neurorehabilitering\\\/\",\"url\":\"https:\\\/\\\/lemco-mobility.com\\\/da\\\/traeningscykel-til-brug-i-neurorehabilitering\\\/\",\"name\":\"Tr\u00e6ningscykel til brug i neurorehabilitering - LEMCO Mobility\",\"isPartOf\":{\"@id\":\"https:\\\/\\\/lemco-mobility.com\\\/da\\\/#website\"},\"datePublished\":\"2022-02-17T14:36:46+00:00\",\"dateModified\":\"2025-11-05T11:49:47+00:00\",\"description\":\"Verdensklasse tr\u00e6ningscykel til brug i slagtilf\u00e6lde-rehabilitering p\u00e5 rehabiliteringscenter eller i hjemmet eller som supplement til organiseret rehabilitering.\",\"breadcrumb\":{\"@id\":\"https:\\\/\\\/lemco-mobility.com\\\/da\\\/traeningscykel-til-brug-i-neurorehabilitering\\\/#breadcrumb\"},\"inLanguage\":\"da-DK\",\"potentialAction\":[{\"@type\":\"ReadAction\",\"target\":[\"https:\\\/\\\/lemco-mobility.com\\\/da\\\/traeningscykel-til-brug-i-neurorehabilitering\\\/\"]}]},{\"@type\":\"BreadcrumbList\",\"@id\":\"https:\\\/\\\/lemco-mobility.com\\\/da\\\/traeningscykel-til-brug-i-neurorehabilitering\\\/#breadcrumb\",\"itemListElement\":[{\"@type\":\"ListItem\",\"position\":1,\"name\":\"Home\",\"item\":\"https:\\\/\\\/lemco-mobility.com\\\/da\\\/traeningscykler-til-koerestol-stol-bedbikes-til-hospitalssenge\\\/\"},{\"@type\":\"ListItem\",\"position\":2,\"name\":\"Tr\u00e6ningscykel til brug i neurorehabilitering\"}]},{\"@type\":\"WebSite\",\"@id\":\"https:\\\/\\\/lemco-mobility.com\\\/da\\\/#website\",\"url\":\"https:\\\/\\\/lemco-mobility.com\\\/da\\\/\",\"name\":\"LEMCO Mobility\",\"description\":\"Exercisers for Wheelchair and Chair &amp; BedBikes for Hospital beds\",\"publisher\":{\"@id\":\"https:\\\/\\\/lemco-mobility.com\\\/da\\\/#organization\"},\"alternateName\":\"We increase Personal Mobility\",\"potentialAction\":[{\"@type\":\"SearchAction\",\"target\":{\"@type\":\"EntryPoint\",\"urlTemplate\":\"https:\\\/\\\/lemco-mobility.com\\\/da\\\/?s={search_term_string}\"},\"query-input\":{\"@type\":\"PropertyValueSpecification\",\"valueRequired\":true,\"valueName\":\"search_term_string\"}}],\"inLanguage\":\"da-DK\"},{\"@type\":\"Organization\",\"@id\":\"https:\\\/\\\/lemco-mobility.com\\\/da\\\/#organization\",\"name\":\"Lemco mobilitet\",\"url\":\"https:\\\/\\\/lemco-mobility.com\\\/da\\\/\",\"logo\":{\"@type\":\"ImageObject\",\"inLanguage\":\"da-DK\",\"@id\":\"https:\\\/\\\/lemco-mobility.com\\\/da\\\/#\\\/schema\\\/logo\\\/image\\\/\",\"url\":\"https:\\\/\\\/lemco-mobility.com\\\/wp-content\\\/uploads\\\/2021\\\/12\\\/Lemco_Logo_RGB_AlmostBlack.webp\",\"contentUrl\":\"https:\\\/\\\/lemco-mobility.com\\\/wp-content\\\/uploads\\\/2021\\\/12\\\/Lemco_Logo_RGB_AlmostBlack.webp\",\"width\":250,\"height\":36,\"caption\":\"Lemco mobilitet\"},\"image\":{\"@id\":\"https:\\\/\\\/lemco-mobility.com\\\/da\\\/#\\\/schema\\\/logo\\\/image\\\/\"},\"sameAs\":[\"https:\\\/\\\/www.facebook.com\\\/lemcomobility\",\"https:\\\/\\\/m.youtube.com\\\/channel\\\/UClAacR9HmcdIoue_NQtX2Ng\"]}]}<\/script>\n<!-- \/ Yoast SEO Premium plugin. -->","yoast_head_json":{"title":"Tr\u00e6ningscykel til brug i neurorehabilitering - LEMCO Mobility","description":"Verdensklasse tr\u00e6ningscykel til brug i slagtilf\u00e6lde-rehabilitering p\u00e5 rehabiliteringscenter eller i hjemmet eller som supplement til organiseret rehabilitering.","robots":{"index":"index","follow":"follow","max-snippet":"max-snippet:-1","max-image-preview":"max-image-preview:large","max-video-preview":"max-video-preview:-1"},"canonical":"https:\/\/lemco-mobility.com\/da\/traeningscykel-til-brug-i-neurorehabilitering\/","og_locale":"da_DK","og_type":"article","og_title":"Tr\u00e6ningscykel til brug i neurorehabilitering","og_description":"Verdensklasse tr\u00e6ningscykel til brug i slagtilf\u00e6lde-rehabilitering p\u00e5 rehabiliteringscenter eller i hjemmet eller som supplement til organiseret rehabilitering.","og_url":"https:\/\/lemco-mobility.com\/da\/traeningscykel-til-brug-i-neurorehabilitering\/","og_site_name":"LEMCO Mobility","article_publisher":"https:\/\/www.facebook.com\/lemcomobility","article_modified_time":"2025-11-05T11:49:47+00:00","og_image":[{"width":2000,"height":576,"url":"https:\/\/lemco-mobility.com\/wp-content\/uploads\/2023\/03\/exercisers-for-wheelchair.webp","type":"image\/webp"}],"twitter_card":"summary_large_image","schema":{"@context":"https:\/\/schema.org","@graph":[{"@type":"WebPage","@id":"https:\/\/lemco-mobility.com\/da\/traeningscykel-til-brug-i-neurorehabilitering\/","url":"https:\/\/lemco-mobility.com\/da\/traeningscykel-til-brug-i-neurorehabilitering\/","name":"Tr\u00e6ningscykel til brug i neurorehabilitering - LEMCO Mobility","isPartOf":{"@id":"https:\/\/lemco-mobility.com\/da\/#website"},"datePublished":"2022-02-17T14:36:46+00:00","dateModified":"2025-11-05T11:49:47+00:00","description":"Verdensklasse tr\u00e6ningscykel til brug i slagtilf\u00e6lde-rehabilitering p\u00e5 rehabiliteringscenter eller i hjemmet eller som supplement til organiseret rehabilitering.","breadcrumb":{"@id":"https:\/\/lemco-mobility.com\/da\/traeningscykel-til-brug-i-neurorehabilitering\/#breadcrumb"},"inLanguage":"da-DK","potentialAction":[{"@type":"ReadAction","target":["https:\/\/lemco-mobility.com\/da\/traeningscykel-til-brug-i-neurorehabilitering\/"]}]},{"@type":"BreadcrumbList","@id":"https:\/\/lemco-mobility.com\/da\/traeningscykel-til-brug-i-neurorehabilitering\/#breadcrumb","itemListElement":[{"@type":"ListItem","position":1,"name":"Home","item":"https:\/\/lemco-mobility.com\/da\/traeningscykler-til-koerestol-stol-bedbikes-til-hospitalssenge\/"},{"@type":"ListItem","position":2,"name":"Tr\u00e6ningscykel til brug i neurorehabilitering"}]},{"@type":"WebSite","@id":"https:\/\/lemco-mobility.com\/da\/#website","url":"https:\/\/lemco-mobility.com\/da\/","name":"LEMCO Mobility","description":"Exercisers for Wheelchair and Chair &amp; BedBikes for Hospital beds","publisher":{"@id":"https:\/\/lemco-mobility.com\/da\/#organization"},"alternateName":"We increase Personal Mobility","potentialAction":[{"@type":"SearchAction","target":{"@type":"EntryPoint","urlTemplate":"https:\/\/lemco-mobility.com\/da\/?s={search_term_string}"},"query-input":{"@type":"PropertyValueSpecification","valueRequired":true,"valueName":"search_term_string"}}],"inLanguage":"da-DK"},{"@type":"Organization","@id":"https:\/\/lemco-mobility.com\/da\/#organization","name":"Lemco mobilitet","url":"https:\/\/lemco-mobility.com\/da\/","logo":{"@type":"ImageObject","inLanguage":"da-DK","@id":"https:\/\/lemco-mobility.com\/da\/#\/schema\/logo\/image\/","url":"https:\/\/lemco-mobility.com\/wp-content\/uploads\/2021\/12\/Lemco_Logo_RGB_AlmostBlack.webp","contentUrl":"https:\/\/lemco-mobility.com\/wp-content\/uploads\/2021\/12\/Lemco_Logo_RGB_AlmostBlack.webp","width":250,"height":36,"caption":"Lemco mobilitet"},"image":{"@id":"https:\/\/lemco-mobility.com\/da\/#\/schema\/logo\/image\/"},"sameAs":["https:\/\/www.facebook.com\/lemcomobility","https:\/\/m.youtube.com\/channel\/UClAacR9HmcdIoue_NQtX2Ng"]}]}},"_links":{"self":[{"href":"https:\/\/lemco-mobility.com\/da\/wp-json\/wp\/v2\/pages\/29576","targetHints":{"allow":["GET"]}}],"collection":[{"href":"https:\/\/lemco-mobility.com\/da\/wp-json\/wp\/v2\/pages"}],"about":[{"href":"https:\/\/lemco-mobility.com\/da\/wp-json\/wp\/v2\/types\/page"}],"author":[{"embeddable":true,"href":"https:\/\/lemco-mobility.com\/da\/wp-json\/wp\/v2\/users\/3"}],"replies":[{"embeddable":true,"href":"https:\/\/lemco-mobility.com\/da\/wp-json\/wp\/v2\/comments?post=29576"}],"version-history":[{"count":1,"href":"https:\/\/lemco-mobility.com\/da\/wp-json\/wp\/v2\/pages\/29576\/revisions"}],"predecessor-version":[{"id":29579,"href":"https:\/\/lemco-mobility.com\/da\/wp-json\/wp\/v2\/pages\/29576\/revisions\/29579"}],"wp:attachment":[{"href":"https:\/\/lemco-mobility.com\/da\/wp-json\/wp\/v2\/media?parent=29576"}],"curies":[{"name":"wp","href":"https:\/\/api.w.org\/{rel}","templated":true}]}}